{"id":308,"date":"2021-09-09T10:19:36","date_gmt":"2021-09-09T10:19:36","guid":{"rendered":"https:\/\/bonosvalencia.atic.green\/?page_id=308"},"modified":"2026-03-24T10:40:19","modified_gmt":"2026-03-24T09:40:19","slug":"imformacio-per-als-clients","status":"publish","type":"page","link":"https:\/\/bonocomercioburjassot.com\/va\/imformacio-per-als-clients\/","title":{"rendered":"Informaci\u00f3 per als clients"},"content":{"rendered":"<p>[vc_row][vc_column][vc_column_text]<\/p>\n<h1>M\u00c9S IMFORMACI\u00d3 PER ALS CLIENTS<\/h1>\n<p>[\/vc_column_text][\/vc_column][\/vc_row][vc_row el_class=&#8221;textos_pdf&#8221;][vc_column][vc_column_text]<strong>QU\u00c8 S\u00d3N ELS BONS COMER\u00c7 BURJASSOT<\/strong><\/p>\n<p>La campanya <strong>BO COMER\u00c7 BURJASSOT<\/strong> \u00e9s una iniciativa de l\u2019Ajuntament de Burjassot, duta a terme a partir d\u2019un conveni firmat amb C\u00e1mara Valencia, amb l\u2019objectiu de fomentar la dinamitzaci\u00f3 de l\u2019activitat econ\u00f2mica dels xicotets i mitjans negocis de Burjassot. Cada bo tindr\u00e0 un valor de 50 \u20ac.<\/p>\n<p><strong>\u00a0<\/strong><\/p>\n<p><strong>COMER\u00c7OS PARTICIPANTS EN LA CAMPANYA <\/strong><strong>BO COMER\u00c7 BURJASSOT<\/strong><\/p>\n<p>En la campanya podran participar els comer\u00e7os de Burjassot que complisquen els requisits establits i s\u2019hi adherisquen correctament a trav\u00e9s del web <a href=\"http:\/\/www.bonocomercioburjassot.com\">www.bonocomercioburjassot.com<\/a>.<\/p>\n<p>&nbsp;<\/p>\n<p><strong>QUI POT ADQUIRIR EL <\/strong><strong>BO COMER\u00c7 BURJASSOT<\/strong><\/p>\n<p>Qualsevol consumidor major de 18 anys podr\u00e0 obtindre, associat a un DNI\/NIE, un m\u00e0xim de DOS bons de 50 \u20ac per a les compres en els comer\u00e7os adherits a la campanya, dels quals el client aportar\u00e0 25 \u20ac a trav\u00e9s de la passarel\u00b7la de pagament habilitada en el web www.bonococomercioburjassot.com, i el 50% restant ser\u00e0 aportat directament per l\u2019Ajuntament de Burjassot. L\u2019acc\u00e9s als bons es determinar\u00e0 per orde de petici\u00f3, i es concediran a totes les persones les sol\u00b7licituds de les quals reunisquen els requisits establits en les bases, sense que en cap cas se supere el cr\u00e8dit autoritzat en la convocat\u00f2ria.<\/p>\n<p>L\u2019usuari podr\u00e0 obtindre fins a dos bons de 50,00 \u20ac, que podran ser canviats en la compra de b\u00e9ns i\/o servicis en els establiments adherits que figuren inscrits en el web <a href=\"http:\/\/www.bonocomercioburjassot.com\">www.bonocomercioburjassot.com<\/a>.<\/p>\n<p>La venda dels bons a la ciutadania s&#8217;iniciar\u00e0 el <strong>21 d&#8217;abril de 2026 al 30 de juny de 2026<\/strong>, i, en qualsevol cas, fins a fi d&#8217;exist\u00e8ncies segons disponibilitat pressupost\u00e0ria.<\/p>\n<p><strong>\u00a0<\/strong><\/p>\n<p><strong>MAJORS 65 ANYS<\/strong><\/p>\n<p>Es reservar\u00e0 un contingent de 375 bons per a ser adquirits per les persones majors de 65 anys, que podran acudir f\u00edsicament, des del 22 d\u2019abril de 2026 fins al 30 d\u2019abril de 2026, o fins a esgotar exist\u00e8ncies, a les oficines de CEMEF, SLU, situat en el carrer de la Mare de D\u00e9u dels Desemparats, n\u00famero 26, baix. En este cas, haur\u00e0 d\u2019aportar una <strong>fotoc\u00f2pia del seu DNI<\/strong>, i la compra del bo no la podr\u00e0 fer una tercera persona. <strong>No s\u2019admetran pagaments en efectiu.<\/strong><\/p>\n<p><strong>\u00a0<\/strong><\/p>\n<p><strong>QUAN UTILITZAR EL BO COMER\u00c7 BURJASSOT<\/strong><\/p>\n<p>El BO COMER\u00c7 BURJASSOT podr\u00e0 ser utilitzat per al pagament de compres i servicis en els establiments adherits des del moment en qu\u00e8 siga arreplegat pels clients fins al 30 de juny, data en qu\u00e8 finalitza la campanya promocional.<\/p>\n<p>&nbsp;<\/p>\n<p><strong>COM UTILITZAR EL <\/strong><strong>BO COMER\u00c7 BURJASSOT<\/strong><\/p>\n<p>L\u2019usuari que fa\u00e7a una compra en l\u2019establiment presentar\u00e0 el(s) seu(s) bo(ns) per valor de 50,00 \u20ac per al seu canvi. El comer\u00e7 passar\u00e0 el(s) bo(ns) en format de targeta banc\u00e0ria prepagament pel dat\u00e0fon. Si l\u2019import de la compra excedira l\u2019import del bo, el client haur\u00e0 d\u2019abonar l\u2019exc\u00e9s a trav\u00e9s de qualsevol m\u00e8tode de pagament adm\u00e9s en l\u2019establiment. Es podr\u00e0 utilitzar parcialment el saldo de les targetes en diverses compres en establiments adherits, i no permetr\u00e0 la retirada d\u2019efectiu ni la compra de productes o servicis en l\u00ednia.<\/p>\n<p>La utilitzaci\u00f3 del bo ser\u00e0 compatible amb qualsevol tipus de descompte, oferta o rebaixa disponible en l\u2019establiment comercial per al producte que es vol adquirir.<\/p>\n<p>Els productes que s\u2019adquirisquen a trav\u00e9s del BO podran ser canviats, si l\u2019establiment ho autoritza, per un producte de preu igual o superior (abonant la difer\u00e8ncia el\/la client\/a), per\u00f2 en cap cas es podr\u00e0 sol\u00b7licitar la devoluci\u00f3 dels diners. El comer\u00e7 haur\u00e0 de mostrar les condicions de compra del BO COMER\u00c7 BURJASSOT en un lloc visible i accessible per al p\u00fablic.<\/p>\n<p>El BO \u00e9s d\u2019\u00fas exclusiu per a compra en els comer\u00e7os adherits i no permetr\u00e0 la retirada d\u2019efectiu.<\/p>\n<p>La compra de qualsevol producte i\/o servici amb el <strong>BO COMER\u00c7 BURJASSOT s\u2019ha de fer sempre de manera presencial en el negoci adherit a la campanya.<\/strong><\/p>\n<p>&nbsp;<\/p>\n<p><strong>CONSULTA DE SALDOS DEL <\/strong><strong>BO COMER\u00c7 BURJASSOT<\/strong><\/p>\n<p>L\u2019usuari podr\u00e0 consultar de manera gratu\u00efta el saldo en el web <a href=\"https:\/\/www.tutarjetaregalo.com\/\">https:\/\/www.tutarjetaregalo.com<\/a>. No tindr\u00e0 cap cost addicional.<\/p>\n<p>&nbsp;<\/p>\n<p>&nbsp;<\/p>\n<p><strong>QUAN ADQUIRIR EL <\/strong><strong>BO COMER\u00c7 BURJASSOT<\/strong><\/p>\n<p>El termini per a l\u2019adquisici\u00f3 del bo i la seua utilitzaci\u00f3 per a la compra en els comer\u00e7os participants en la campanya ser\u00e0 del 22 d\u2019abril al 30 de juny de 2026, o fins al final del pressupost destinat a la campanya.<\/p>\n<p>En cap cas seran tornats els diners (25 \u20ac) per la ren\u00fancia de la persona compradora ni pel fet de no complir els requisits del BO COMER\u00c7 BURJASSOT.<\/p>\n<p>&nbsp;<\/p>\n<p>&nbsp;<\/p>\n<p><strong>ON ADQUIRIR EL <\/strong><strong>BO COMER\u00c7 BURJASSOT <\/strong><\/p>\n<p>El BO COMER\u00c7 BURJASSOT es podr\u00e0 adquirir a trav\u00e9s d\u2019este web <a href=\"http:\/\/www.bonococomercioburjassot.com\">www.bonococomercioburjassot.com<\/a>, fent clic en la pestanya COMPRA EL TEU BO i seguint el proc\u00e9s que s\u2019indica a continuaci\u00f3.<\/p>\n<p>&nbsp;<\/p>\n<p>&nbsp;<\/p>\n<p><strong>COM ADQUIRIR EL <\/strong><strong>BO COMER\u00c7 BURJASSOT <\/strong><\/p>\n<p>L\u2019usuari accedir\u00e0 a l\u2019espai habilitat per a fer-ho en el web de la campanya, i introduir\u00e0 les dades personals sol\u00b7licitades en l\u2019adquisici\u00f3 dels BONS COMER\u00c7 BURJASSOT. A continuaci\u00f3 rebr\u00e0 en la seua adre\u00e7a de correu electr\u00f2nic un codi d\u2019autenticaci\u00f3 vinculat al seu DNI\/NIE, de manera que el(s) bo(ns) estar\u00e0(n) vinculat(s) a estes dades personals. Per a satisfer l\u2019import del(s) bo(ns), el sol\u00b7licitant abonar\u00e0 25 \u20ac per cada un d\u2019ells amb targeta banc\u00e0ria, a trav\u00e9s de la passarel\u00b7la de pagament.<\/p>\n<p>&nbsp;<\/p>\n<p>&nbsp;<\/p>\n<p><strong>ON I QUAN ARREPLEGAR EL BO COMER\u00c7 BURJASSOT<\/strong><\/p>\n<p>Una vegada satisfet l\u2019import del bo, el web li donar\u00e0 opci\u00f3 en un desplegable d\u2019arreplega <strong>de manera presencial, l\u2019endem\u00e0 de la seua adquisici\u00f3<\/strong>, en les instal\u00b7lacions de CEMEF, SLU-MP, de l\u2019Ajuntament de Burjassot, en horari de 09:00 a 14:00 hores, amb domicili en l\u2019avinguda de Maria Ros, s\/n (entrada pel parc 8 de Mar\u00e7), de Burjassot, aix\u00ed com en altres punts que temporalment seran habilitats per a fer-ho, i que figuraran en el web. Ser\u00e0 necess\u00e0ria la presentaci\u00f3 del DNI original.<\/p>\n<p>El sol\u00b7licitant rebr\u00e0 un correu electr\u00f2nic autom\u00e0ticament en qu\u00e8 s\u2019indicar\u00e0 on i, preferentment, en quina data, podr\u00e0 arreplegar el bo.<\/p>\n<p>Quan el consumidor vullga arreplegar el <strong>BO COMER\u00c7 BURJASSOT<\/strong> d\u2019un tercer, haur\u00e0 d\u2019aportar una <em><u>autoritzaci\u00f3 nominativa<\/u><\/em> (disponible en l\u2019apartat \u201ccompra el teu bo\u201d), fotoc\u00f2pia del DNI del titular del bo i l\u2019original de la persona autoritzada.<\/p>\n<p>&nbsp;<\/p>\n<p>&nbsp;<\/p>\n<p><strong>FINS A QUAN ES POT UTILITZAR EL <\/strong><strong>BO COMER\u00c7 BURJASSOT <\/strong><\/p>\n<p>La quantitat no canviada en la targeta una vegada passat el 30 de juny de 2026, termini de vig\u00e8ncia de la campanya promocional BO COMER\u00c7 BURJASSOT, ja no podr\u00e0 ser utilitzada per la persona titular del bo comer\u00e7.<\/p>\n<p>L\u2019import dels bons adquirits i no canviats per les persones compradores dins del termini establit per a fer-ho ser\u00e0 reintegrat a l\u2019Ajuntament de BURJASSOT.<\/p>\n<p>&nbsp;<\/p>\n<p>&nbsp;<\/p>\n<p><strong>CONDICIONS RECLAMACIONS PELS USUARIS<\/strong><\/p>\n<p>En cap cas es tornar\u00e0 el pagament de 25,00 \u20ac per la ren\u00fancia de la persona compradora del bo, ni pel fet de no complir els requisits de les bases reguladores de la campanya. No s\u2019atendran reclamacions presentades despr\u00e9s del 30 de juny del 2026.<\/p>\n<p>Ni l\u2019Ajuntament de Burjassot ni C\u00e1mara Valencia es responsabilitzen del deteriorament, la p\u00e8rdua o la sostracci\u00f3 del BO COMER\u00c7 BURJASSOT, que no ser\u00e0 reembossable en cap cas.<\/p>\n<p>&nbsp;<\/p>\n<p>Atenci\u00f3 telef\u00f2nica de dilluns a divendres de 10:00 a 14:00 h<\/p>\n<p><strong>\ud83d\udcde<\/strong> 628 815 600<\/p>\n<p><strong>\ud83d\udce7<\/strong> <a href=\"mailto:bonocomercioburjassot@camaravalencia.com\">bonocomercioburjassot@camaravalencia.com<\/a>[\/vc_column_text][\/vc_column][\/vc_row]<\/p>\n","protected":false},"excerpt":{"rendered":"<p>[vc_row][vc_column][vc_column_text] M\u00c9S IMFORMACI\u00d3 PER ALS CLIENTS [\/vc_column_text][\/vc_column][\/vc_row][vc_row el_class=&#8221;textos_pdf&#8221;][vc_column][vc_column_text]QU\u00c8 S\u00d3N ELS BONS COMER\u00c7 BURJASSOT La campanya BO COMER\u00c7 BURJASSOT \u00e9s una iniciativa de l\u2019Ajuntament de Burjassot, duta a terme a partir d\u2019un conveni firmat amb C\u00e1mara Valencia, amb l\u2019objectiu de fomentar la dinamitzaci\u00f3 de l\u2019activitat econ\u00f2mica dels xicotets i mitjans negocis de Burjassot. Cada bo tindr\u00e0 [&hellip;]<\/p>\n","protected":false},"author":6,"featured_media":0,"parent":0,"menu_order":0,"comment_status":"closed","ping_status":"closed","template":"","meta":{"footnotes":""},"yoast_head":"<!-- This site is optimized with the Yoast SEO plugin v22.9 - https:\/\/yoast.com\/wordpress\/plugins\/seo\/ -->\n<title>Informaci\u00f3 per als clients - Bo Comer\u00e7 Burjassot<\/title>\n<meta name=\"robots\" content=\"index, follow, max-snippet:-1, max-image-preview:large, max-video-preview:-1\" \/>\n<link rel=\"canonical\" href=\"https:\/\/bonocomercioburjassot.com\/informacion-para-los-clientes\/\" \/>\n<meta property=\"og:locale\" content=\"en_US\" \/>\n<meta property=\"og:type\" content=\"article\" \/>\n<meta property=\"og:title\" content=\"Informaci\u00f3 per als clients - Bo Comer\u00e7 Burjassot\" \/>\n<meta property=\"og:description\" content=\"[vc_row][vc_column][vc_column_text] M\u00c9S IMFORMACI\u00d3 PER ALS CLIENTS [\/vc_column_text][\/vc_column][\/vc_row][vc_row el_class=&#8221;textos_pdf&#8221;][vc_column][vc_column_text]QU\u00c8 S\u00d3N ELS BONS COMER\u00c7 BURJASSOT La campanya BO COMER\u00c7 BURJASSOT \u00e9s una iniciativa de l\u2019Ajuntament de Burjassot, duta a terme a partir d\u2019un conveni firmat amb C\u00e1mara Valencia, amb l\u2019objectiu de fomentar la dinamitzaci\u00f3 de l\u2019activitat econ\u00f2mica dels xicotets i mitjans negocis de Burjassot. Cada bo tindr\u00e0 [&hellip;]\" \/>\n<meta property=\"og:url\" content=\"https:\/\/bonocomercioburjassot.com\/informacion-para-los-clientes\/\" \/>\n<meta property=\"og:site_name\" content=\"Bo Comer\u00e7 Burjassot\" \/>\n<meta property=\"article:modified_time\" content=\"2026-03-24T09:40:19+00:00\" \/>\n<meta name=\"twitter:card\" content=\"summary_large_image\" \/>\n<meta name=\"twitter:label1\" content=\"Est. reading time\" \/>\n\t<meta name=\"twitter:data1\" content=\"5 minutes\" \/>\n<script type=\"application\/ld+json\" class=\"yoast-schema-graph\">{\"@context\":\"https:\/\/schema.org\",\"@graph\":[{\"@type\":\"WebPage\",\"@id\":\"https:\/\/bonocomercioburjassot.com\/informacion-para-los-clientes\/\",\"url\":\"https:\/\/bonocomercioburjassot.com\/informacion-para-los-clientes\/\",\"name\":\"Informaci\u00f3 per als clients - Bo Comer\u00e7 Burjassot\",\"isPartOf\":{\"@id\":\"https:\/\/bonocomercioburjassot.com\/#website\"},\"datePublished\":\"2021-09-09T10:19:36+00:00\",\"dateModified\":\"2026-03-24T09:40:19+00:00\",\"breadcrumb\":{\"@id\":\"https:\/\/bonocomercioburjassot.com\/informacion-para-los-clientes\/#breadcrumb\"},\"inLanguage\":\"va\",\"potentialAction\":[{\"@type\":\"ReadAction\",\"target\":[\"https:\/\/bonocomercioburjassot.com\/informacion-para-los-clientes\/\"]}]},{\"@type\":\"BreadcrumbList\",\"@id\":\"https:\/\/bonocomercioburjassot.com\/informacion-para-los-clientes\/#breadcrumb\",\"itemListElement\":[{\"@type\":\"ListItem\",\"position\":1,\"name\":\"Portada\",\"item\":\"https:\/\/bonocomercioburjassot.com\/\"},{\"@type\":\"ListItem\",\"position\":2,\"name\":\"Informaci\u00f3 per als clients\"}]},{\"@type\":\"WebSite\",\"@id\":\"https:\/\/bonocomercioburjassot.com\/#website\",\"url\":\"https:\/\/bonocomercioburjassot.com\/\",\"name\":\"Bo Comer\u00e7 Burjassot\",\"description\":\"Bo Comer\u00e7 Burjassot\",\"potentialAction\":[{\"@type\":\"SearchAction\",\"target\":{\"@type\":\"EntryPoint\",\"urlTemplate\":\"https:\/\/bonocomercioburjassot.com\/?s={search_term_string}\"},\"query-input\":\"required name=search_term_string\"}],\"inLanguage\":\"va\"}]}<\/script>\n<!-- \/ Yoast SEO plugin. -->","yoast_head_json":{"title":"Informaci\u00f3 per als clients - Bo Comer\u00e7 Burjassot","robots":{"index":"index","follow":"follow","max-snippet":"max-snippet:-1","max-image-preview":"max-image-preview:large","max-video-preview":"max-video-preview:-1"},"canonical":"https:\/\/bonocomercioburjassot.com\/informacion-para-los-clientes\/","og_locale":"en_US","og_type":"article","og_title":"Informaci\u00f3 per als clients - Bo Comer\u00e7 Burjassot","og_description":"[vc_row][vc_column][vc_column_text] M\u00c9S IMFORMACI\u00d3 PER ALS CLIENTS [\/vc_column_text][\/vc_column][\/vc_row][vc_row el_class=&#8221;textos_pdf&#8221;][vc_column][vc_column_text]QU\u00c8 S\u00d3N ELS BONS COMER\u00c7 BURJASSOT La campanya BO COMER\u00c7 BURJASSOT \u00e9s una iniciativa de l\u2019Ajuntament de Burjassot, duta a terme a partir d\u2019un conveni firmat amb C\u00e1mara Valencia, amb l\u2019objectiu de fomentar la dinamitzaci\u00f3 de l\u2019activitat econ\u00f2mica dels xicotets i mitjans negocis de Burjassot. Cada bo tindr\u00e0 [&hellip;]","og_url":"https:\/\/bonocomercioburjassot.com\/informacion-para-los-clientes\/","og_site_name":"Bo Comer\u00e7 Burjassot","article_modified_time":"2026-03-24T09:40:19+00:00","twitter_card":"summary_large_image","twitter_misc":{"Est. reading time":"5 minutes"},"schema":{"@context":"https:\/\/schema.org","@graph":[{"@type":"WebPage","@id":"https:\/\/bonocomercioburjassot.com\/informacion-para-los-clientes\/","url":"https:\/\/bonocomercioburjassot.com\/informacion-para-los-clientes\/","name":"Informaci\u00f3 per als clients - Bo Comer\u00e7 Burjassot","isPartOf":{"@id":"https:\/\/bonocomercioburjassot.com\/#website"},"datePublished":"2021-09-09T10:19:36+00:00","dateModified":"2026-03-24T09:40:19+00:00","breadcrumb":{"@id":"https:\/\/bonocomercioburjassot.com\/informacion-para-los-clientes\/#breadcrumb"},"inLanguage":"va","potentialAction":[{"@type":"ReadAction","target":["https:\/\/bonocomercioburjassot.com\/informacion-para-los-clientes\/"]}]},{"@type":"BreadcrumbList","@id":"https:\/\/bonocomercioburjassot.com\/informacion-para-los-clientes\/#breadcrumb","itemListElement":[{"@type":"ListItem","position":1,"name":"Portada","item":"https:\/\/bonocomercioburjassot.com\/"},{"@type":"ListItem","position":2,"name":"Informaci\u00f3 per als clients"}]},{"@type":"WebSite","@id":"https:\/\/bonocomercioburjassot.com\/#website","url":"https:\/\/bonocomercioburjassot.com\/","name":"Bo Comer\u00e7 Burjassot","description":"Bo Comer\u00e7 Burjassot","potentialAction":[{"@type":"SearchAction","target":{"@type":"EntryPoint","urlTemplate":"https:\/\/bonocomercioburjassot.com\/?s={search_term_string}"},"query-input":"required name=search_term_string"}],"inLanguage":"va"}]}},"_links":{"self":[{"href":"https:\/\/bonocomercioburjassot.com\/va\/wp-json\/wp\/v2\/pages\/308"}],"collection":[{"href":"https:\/\/bonocomercioburjassot.com\/va\/wp-json\/wp\/v2\/pages"}],"about":[{"href":"https:\/\/bonocomercioburjassot.com\/va\/wp-json\/wp\/v2\/types\/page"}],"author":[{"embeddable":true,"href":"https:\/\/bonocomercioburjassot.com\/va\/wp-json\/wp\/v2\/users\/6"}],"replies":[{"embeddable":true,"href":"https:\/\/bonocomercioburjassot.com\/va\/wp-json\/wp\/v2\/comments?post=308"}],"version-history":[{"count":42,"href":"https:\/\/bonocomercioburjassot.com\/va\/wp-json\/wp\/v2\/pages\/308\/revisions"}],"predecessor-version":[{"id":1827,"href":"https:\/\/bonocomercioburjassot.com\/va\/wp-json\/wp\/v2\/pages\/308\/revisions\/1827"}],"wp:attachment":[{"href":"https:\/\/bonocomercioburjassot.com\/va\/wp-json\/wp\/v2\/media?parent=308"}],"curies":[{"name":"wp","href":"https:\/\/api.w.org\/{rel}","templated":true}]}}