{"id":293,"date":"2021-09-09T10:10:41","date_gmt":"2021-09-09T10:10:41","guid":{"rendered":"https:\/\/bonosvalencia.atic.green\/?page_id=293"},"modified":"2026-03-20T12:59:05","modified_gmt":"2026-03-20T11:59:05","slug":"home","status":"publish","type":"page","link":"https:\/\/bonocomercioburjassot.com\/va\/","title":{"rendered":"Home"},"content":{"rendered":"<p>[vc_row full_width=&#8221;stretch_row_content_no_spaces&#8221; equal_height=&#8221;yes&#8221; disable_element=&#8221;yes&#8221; el_class=&#8221;home_enlaces&#8221; css=&#8221;.vc_custom_1656410133545{margin-top: 35px !important;}&#8221;][vc_column width=&#8221;1\/2&#8243; css=&#8221;.vc_custom_1630995169282{background-image: url(https:\/\/bonocomerciovlc.com\/wp-content\/uploads\/2021\/09\/f1.jpg?id=162) !important;background-position: center !important;background-repeat: no-repeat !important;background-size: cover !important;}&#8221; el_class=&#8221;primero&#8221;][vc_raw_html el_class=&#8221;texto_enlace&#8221;]JTNDcCUzRSVDMiVCRkVSRVMlM0NzcGFuJTNFQ09NRVIlQzMlODclM0YlM0MlMkZzcGFuJTNFJTNDJTJGcCUzRSUwQSUzQ2ElMjBocmVmJTNEJTIyJTJGdmElMkZhZGhlcml4LWVsLXRldS1jb21lcmMlMkYlMjIlM0VJTlNDUklVLVRFJTNDJTJGYSUzRQ==[\/vc_raw_html][\/vc_column][vc_column width=&#8221;1\/2&#8243; css=&#8221;.vc_custom_1631175161051{background-image: url(https:\/\/bonocomerciovlc.com\/wp-content\/uploads\/2021\/09\/f23.jpg?id=239) !important;background-position: center !important;background-repeat: no-repeat !important;background-size: cover !important;}&#8221; el_id=&#8221;segundo&#8221;][vc_raw_html el_class=&#8221;texto_enlace&#8221;]JTNDcCUzRUpBJTIwVEVOUyUyMEVMJTNDc3BhbiUzRVRFVSUyMEJPJTNGJTNDJTJGc3BhbiUzRSUzQyUyRnAlM0UlMEElM0NhJTIwaHJlZiUzRCUyMmh0dHBzJTNBJTJGJTJGYm9ub2NvbWVyY2lvdmxjLmNvbSUyRnZhJTJGaW1mb3JtYWNpby1wZXItYWxzLWNsaWVudHMlMkYlMjIlM0VDT05TVUxUQSUyMExFUyUyMENPTkRJQ0lPTlMlM0MlMkZhJTNF[\/vc_raw_html][\/vc_column][\/vc_row][vc_row full_width=&#8221;stretch_row_content_no_spaces&#8221; equal_height=&#8221;yes&#8221; disable_element=&#8221;yes&#8221; el_class=&#8221;home_enlaces&#8221; css=&#8221;.vc_custom_1656594914795{margin-top: 35px !important;}&#8221;][vc_column width=&#8221;1\/2&#8243; css=&#8221;.vc_custom_1630995169282{background-image: url(https:\/\/bonocomerciovlc.com\/wp-content\/uploads\/2021\/09\/f1.jpg?id=162) !important;background-position: center !important;background-repeat: no-repeat !important;background-size: cover !important;}&#8221; el_class=&#8221;primero&#8221;][vc_raw_html el_class=&#8221;texto_enlace&#8221;]JTNDcCUzRSVDMiVCRkVSRVMlM0NzcGFuJTNFQ09NRVIlQzMlODclM0YlM0MlMkZzcGFuJTNFJTNDJTJGcCUzRSUwQSUzQ2ElMjBocmVmJTNEJTIyJTJGdmElMkZhZGhlcml4LWVsLXRldS1jb21lcmMlMkYlMjIlM0VJTlNDUklVLVRFJTNDJTJGYSUzRQ==[\/vc_raw_html][\/vc_column][vc_column width=&#8221;1\/2&#8243; css=&#8221;.vc_custom_1631175161051{background-image: url(https:\/\/bonocomerciovlc.com\/wp-content\/uploads\/2021\/09\/f23.jpg?id=239) !important;background-position: center !important;background-repeat: no-repeat !important;background-size: cover !important;}&#8221;][vc_raw_html el_class=&#8221;texto_enlace&#8221;]JTNDcCUzRSVDMiVCRkVSRVMlM0NzcGFuJTNFQ09OU1VNSURPUiUyRkElM0YlM0MlMkZzcGFuJTNFJTNDJTJGcCUzRSUwQSUzQ2ElMjBocmVmJTNEJTIyJTJGdmElMkZjb21wcmEtZWwtdGV1LWJvJTJGJTIyJTNFQ09NUFJBJTIwQk8lM0MlMkZhJTNF[\/vc_raw_html][\/vc_column][\/vc_row][vc_row full_width=&#8221;stretch_row_content_no_spaces&#8221; equal_height=&#8221;yes&#8221; disable_element=&#8221;yes&#8221; el_class=&#8221;home_enlaces&#8221; css=&#8221;.vc_custom_1698232622182{margin-top: 35px !important;background-color: #f8f8ee !important;}&#8221;][vc_column width=&#8221;1\/6&#8243; offset=&#8221;vc_hidden-sm vc_hidden-xs&#8221;][\/vc_column][vc_column width=&#8221;1\/2&#8243; css=&#8221;.vc_custom_1656663430615{background-image: url(https:\/\/bonocomerciovlc.com\/wp-content\/uploads\/2022\/07\/boton_01_vlc.jpg?id=913) !important;background-position: center !important;background-repeat: no-repeat !important;background-size: contain !important;}&#8221; el_class=&#8221;primero&#8221; offset=&#8221;vc_col-lg-4 vc_col-md-4 vc_col-xs-12&#8243;][vc_raw_html el_class=&#8221;texto_enlace vlc&#8221; css=&#8221;.vc_custom_1657103630470{margin-bottom: 120px !important;}&#8221;]JTNDYSUyMGhyZWYlM0QlMjIlMkZ2YSUyRmFkaGVyaXgtZWwtdGV1LWNvbWVyYyUyRiUyMiUzRUlOU0NSSVUtVEUlM0MlMkZhJTNF[\/vc_raw_html][\/vc_column][vc_column width=&#8221;1\/2&#8243; css=&#8221;.vc_custom_1656663309290{background-image: url(https:\/\/bonocomerciovlc.com\/wp-content\/uploads\/2022\/06\/boton_02_vlc.jpg?id=838) !important;background-position: center !important;background-repeat: no-repeat !important;background-size: contain !important;}&#8221; el_class=&#8221;segundo&#8221; offset=&#8221;vc_col-lg-4 vc_col-md-4 vc_col-xs-12&#8243;][vc_raw_html el_class=&#8221;texto_enlace vlc&#8221; css=&#8221;.vc_custom_1657103640515{margin-bottom: 120px !important;}&#8221;]JTNDYSUyMGhyZWYlM0QlMjIlMkZ2YSUyRmNvbXByYS1lbC10ZXUtYm8lMkYlMjIlM0VDT01QUkElMjBCTyUzQyUyRmElM0U=[\/vc_raw_html][\/vc_column][vc_column width=&#8221;1\/6&#8243; offset=&#8221;vc_hidden-sm vc_hidden-xs&#8221;][\/vc_column][\/vc_row][vc_row full_width=&#8221;stretch_row_content&#8221; disable_element=&#8221;yes&#8221; el_class=&#8221;home_top&#8221; el_id=&#8221;home_top2&#8243;][vc_column][vc_single_image image=&#8221;1195&#8243; img_size=&#8221;full&#8221; alignment=&#8221;center&#8221; el_id=&#8221;image-skyline&#8221;][\/vc_column][\/vc_row][vc_row full_width=&#8221;stretch_row&#8221; el_class=&#8221;home_top&#8221;][vc_column width=&#8221;1\/2&#8243;][vc_column_text]<\/p>\n<h1>Multiplica els teus 25\u20ac<\/h1>\n<p><strong>Adquirint un bo de 25 \u20ac en tindr\u00e0s 50 per a consumir en els comer\u00e7os adherits. M\u00e0xim 2 bons.<\/strong><\/p>\n<h4>*V\u00e0lid fins al 30 de juny del 2026<\/h4>\n<p>[\/vc_column_text][vc_row_inner el_class=&#8221;fila_botones&#8221;][vc_column_inner width=&#8221;1\/2&#8243;][vc_column_text el_class=&#8221;boton_fondo_blanco&#8221;]<a style=\"background: #ff0000; color: white; text-transform: uppercase; font-weight: bold; padding: 5px 20px; border-radius: 6px; border: 1px solid black;\" href=\"\/va\/compra-el-teu-bo\/\">COMPRA EL TEU\/S BO\/NS<\/a>[\/vc_column_text][\/vc_column_inner][vc_column_inner width=&#8221;1\/2&#8243;][vc_column_text el_class=&#8221;boton_fondo_blanco&#8221;]<a style=\"background: #ff0000; color: white; text-transform: uppercase; font-weight: bold; padding: 5px 20px; border-radius: 6px; border: 1px solid black;\" href=\"\/va\/imformacio-per-als-clients\/\" target=\"_blank\" rel=\"noopener\">M\u00e9s informaci\u00f3 <\/a>[\/vc_column_text][\/vc_column_inner][\/vc_row_inner][\/vc_column][vc_column width=&#8221;1\/2&#8243;][vc_single_image image=&#8221;1435&#8243; img_size=&#8221;full&#8221; css=&#8221;.vc_custom_1700246310294{margin-top: -50px !important;}&#8221;][\/vc_column][\/vc_row][vc_row full_width=&#8221;stretch_row&#8221; css=&#8221;.vc_custom_1630995476339{background-color: #f1f1f1 !important;}&#8221; el_class=&#8221;encuentra_establecimiento&#8221;][vc_column][vc_column_text]<\/p>\n<h2 style=\"text-align: center;\">Consulta els comer\u00e7os adherits<\/h2>\n<p style=\"text-align: center;\">Troba el lloc m\u00e9s pr\u00f2xim per a utilitzar el teu bo<\/p>\n<p>[\/vc_column_text][vc_row_inner][vc_column_inner width=&#8221;1\/6&#8243;][\/vc_column_inner][vc_column_inner width=&#8221;2\/3&#8243;]<form class=\"consulta_comercios_form\" method=\"POST\" action=\"https:\/\/bonocomercioburjassot.com\/va\/comercos-adherits\/\"><div id=\"mensaje_solicitud\"><\/div><div class=\"vc_row\"><div class=\"vc_col-sm-5\"><select name=\"idsector\" id=\"idsector\"><option value=\"\" selected>Sector...<\/option><optgroup label=\"PER A LA PERSONA\"><option value=\"2\" >Peces de vestir i complements i reparaci\u00f3<\/option><option value=\"3\" >Merceria i paqueteria<\/option><option value=\"5\" >Joieria, rellotgeria i bijuteria<\/option><option value=\"6\" >Perfumeria i cosm\u00e8tics<\/option><option value=\"10\" >Ag\u00e8ncies de viatges<\/option><option value=\"13\" >Papereria, llibres, diaris i impressions<\/option><option value=\"14\" >Flors i plantes, productes i serveis per a animals<\/option><option value=\"38\" >\u00d2ptiques, ortop\u00e8dies i professionals de la sanitat<\/option><option value=\"42\" >Cal\u00e7at i marroquineria i reparaci\u00f3<\/option><option value=\"44\" >Alimentaci\u00f3, cellers, herbolaris i diet\u00e8tica<\/option><option value=\"45\" >Serveis i reparaci\u00f3 d'autom\u00f2bils<\/option><option value=\"65\" >Forns, pastisseria, bomboneria<\/option><option value=\"66\" >Restaurants<\/option><option value=\"68\" >Centres de lleure i educaci\u00f3, esport i aventura<\/option><option value=\"69\" >Ordinadors, inform\u00e0tica i programaci\u00f3.<\/option><\/optgroup><optgroup label=\"PER A LA LLAR\"><option value=\"18\" >Electrodom\u00e8stics, imatge, so i telefonia<\/option><option value=\"19\" >Ferreteria, bricolatge i materials de construcci\u00f3<\/option><option value=\"20\" >Decoraci\u00f3, mobles, il\u00b7luminaci\u00f3 i t\u00e8xtil llar<\/option><\/optgroup><optgroup label=\"SERVEIS\"><option value=\"34\" >Servei de fotografia, emmarcaci\u00f3 i instruments musicals<\/option><option value=\"48\" >Bars, cafeteries i menjars per emportar<\/option><option value=\"57\" >Perruqueries i salons de bellesa<\/option><option value=\"62\" >Mercats i venda no sedent\u00e0ria<\/option><option value=\"67\" >Altres serveis<\/option><\/optgroup><\/select><\/div><div class=\"vc_col-sm-5\" style=\"display:none\"><input type=\"text\" name=\"codigo_postal\" placeholder=\"Codi postal\" value=\"\"><\/div><div class=\"vc_col-sm-5\" ><input type=\"text\" name=\"nombre_comercio\" placeholder=\"Nombre est.\" value=\"\"><\/div><div class=\"vc_col-sm-2\"><input type=\"submit\" value=\"\"><\/div><\/div><\/form>[\/vc_column_inner][vc_column_inner width=&#8221;1\/6&#8243;][\/vc_column_inner][\/vc_row_inner][\/vc_column][\/vc_row]<\/p>\n","protected":false},"excerpt":{"rendered":"<p>[vc_row full_width=&#8221;stretch_row_content_no_spaces&#8221; equal_height=&#8221;yes&#8221; disable_element=&#8221;yes&#8221; el_class=&#8221;home_enlaces&#8221; css=&#8221;.vc_custom_1656410133545{margin-top: 35px !important;}&#8221;][vc_column width=&#8221;1\/2&#8243; css=&#8221;.vc_custom_1630995169282{background-image: url(https:\/\/bonocomerciovlc.com\/wp-content\/uploads\/2021\/09\/f1.jpg?id=162) !important;background-position: center !important;background-repeat: no-repeat !important;background-size: cover !important;}&#8221; el_class=&#8221;primero&#8221;][vc_raw_html el_class=&#8221;texto_enlace&#8221;]JTNDcCUzRSVDMiVCRkVSRVMlM0NzcGFuJTNFQ09NRVIlQzMlODclM0YlM0MlMkZzcGFuJTNFJTNDJTJGcCUzRSUwQSUzQ2ElMjBocmVmJTNEJTIyJTJGdmElMkZhZGhlcml4LWVsLXRldS1jb21lcmMlMkYlMjIlM0VJTlNDUklVLVRFJTNDJTJGYSUzRQ==[\/vc_raw_html][\/vc_column][vc_column width=&#8221;1\/2&#8243; css=&#8221;.vc_custom_1631175161051{background-image: url(https:\/\/bonocomerciovlc.com\/wp-content\/uploads\/2021\/09\/f23.jpg?id=239) !important;background-position: center !important;background-repeat: no-repeat !important;background-size: cover !important;}&#8221; el_id=&#8221;segundo&#8221;][vc_raw_html el_class=&#8221;texto_enlace&#8221;]JTNDcCUzRUpBJTIwVEVOUyUyMEVMJTNDc3BhbiUzRVRFVSUyMEJPJTNGJTNDJTJGc3BhbiUzRSUzQyUyRnAlM0UlMEElM0NhJTIwaHJlZiUzRCUyMmh0dHBzJTNBJTJGJTJGYm9ub2NvbWVyY2lvdmxjLmNvbSUyRnZhJTJGaW1mb3JtYWNpby1wZXItYWxzLWNsaWVudHMlMkYlMjIlM0VDT05TVUxUQSUyMExFUyUyMENPTkRJQ0lPTlMlM0MlMkZhJTNF[\/vc_raw_html][\/vc_column][\/vc_row][vc_row full_width=&#8221;stretch_row_content_no_spaces&#8221; equal_height=&#8221;yes&#8221; disable_element=&#8221;yes&#8221; el_class=&#8221;home_enlaces&#8221; css=&#8221;.vc_custom_1656594914795{margin-top: 35px !important;}&#8221;][vc_column width=&#8221;1\/2&#8243; css=&#8221;.vc_custom_1630995169282{background-image: url(https:\/\/bonocomerciovlc.com\/wp-content\/uploads\/2021\/09\/f1.jpg?id=162) !important;background-position: center !important;background-repeat: no-repeat !important;background-size: cover !important;}&#8221; el_class=&#8221;primero&#8221;][vc_raw_html el_class=&#8221;texto_enlace&#8221;]JTNDcCUzRSVDMiVCRkVSRVMlM0NzcGFuJTNFQ09NRVIlQzMlODclM0YlM0MlMkZzcGFuJTNFJTNDJTJGcCUzRSUwQSUzQ2ElMjBocmVmJTNEJTIyJTJGdmElMkZhZGhlcml4LWVsLXRldS1jb21lcmMlMkYlMjIlM0VJTlNDUklVLVRFJTNDJTJGYSUzRQ==[\/vc_raw_html][\/vc_column][vc_column width=&#8221;1\/2&#8243; css=&#8221;.vc_custom_1631175161051{background-image: url(https:\/\/bonocomerciovlc.com\/wp-content\/uploads\/2021\/09\/f23.jpg?id=239) !important;background-position: [&hellip;]<\/p>\n","protected":false},"author":6,"featured_media":0,"parent":0,"menu_order":0,"comment_status":"closed","ping_status":"closed","template":"","meta":{"footnotes":""},"yoast_head":"<!-- This site is optimized with the Yoast SEO plugin v22.9 - https:\/\/yoast.com\/wordpress\/plugins\/seo\/ -->\n<title>Home - Bo Comer\u00e7 Burjassot<\/title>\n<meta name=\"robots\" content=\"index, follow, max-snippet:-1, max-image-preview:large, max-video-preview:-1\" \/>\n<link rel=\"canonical\" href=\"https:\/\/bonocomercioburjassot.com\/\" \/>\n<meta property=\"og:locale\" content=\"en_US\" \/>\n<meta property=\"og:type\" content=\"article\" \/>\n<meta property=\"og:title\" content=\"Home - Bo Comer\u00e7 Burjassot\" \/>\n<meta property=\"og:description\" content=\"[vc_row full_width=&#8221;stretch_row_content_no_spaces&#8221; equal_height=&#8221;yes&#8221; disable_element=&#8221;yes&#8221; el_class=&#8221;home_enlaces&#8221; css=&#8221;.vc_custom_1656410133545{margin-top: 35px !important;}&#8221;][vc_column width=&#8221;1\/2&#8243; css=&#8221;.vc_custom_1630995169282{background-image: url(https:\/\/bonocomerciovlc.com\/wp-content\/uploads\/2021\/09\/f1.jpg?id=162) !important;background-position: center !important;background-repeat: no-repeat !important;background-size: cover !important;}&#8221; el_class=&#8221;primero&#8221;][vc_raw_html el_class=&#8221;texto_enlace&#8221;]JTNDcCUzRSVDMiVCRkVSRVMlM0NzcGFuJTNFQ09NRVIlQzMlODclM0YlM0MlMkZzcGFuJTNFJTNDJTJGcCUzRSUwQSUzQ2ElMjBocmVmJTNEJTIyJTJGdmElMkZhZGhlcml4LWVsLXRldS1jb21lcmMlMkYlMjIlM0VJTlNDUklVLVRFJTNDJTJGYSUzRQ==[\/vc_raw_html][\/vc_column][vc_column width=&#8221;1\/2&#8243; css=&#8221;.vc_custom_1631175161051{background-image: url(https:\/\/bonocomerciovlc.com\/wp-content\/uploads\/2021\/09\/f23.jpg?id=239) !important;background-position: center !important;background-repeat: no-repeat !important;background-size: cover !important;}&#8221; el_id=&#8221;segundo&#8221;][vc_raw_html el_class=&#8221;texto_enlace&#8221;]JTNDcCUzRUpBJTIwVEVOUyUyMEVMJTNDc3BhbiUzRVRFVSUyMEJPJTNGJTNDJTJGc3BhbiUzRSUzQyUyRnAlM0UlMEElM0NhJTIwaHJlZiUzRCUyMmh0dHBzJTNBJTJGJTJGYm9ub2NvbWVyY2lvdmxjLmNvbSUyRnZhJTJGaW1mb3JtYWNpby1wZXItYWxzLWNsaWVudHMlMkYlMjIlM0VDT05TVUxUQSUyMExFUyUyMENPTkRJQ0lPTlMlM0MlMkZhJTNF[\/vc_raw_html][\/vc_column][\/vc_row][vc_row full_width=&#8221;stretch_row_content_no_spaces&#8221; equal_height=&#8221;yes&#8221; disable_element=&#8221;yes&#8221; el_class=&#8221;home_enlaces&#8221; css=&#8221;.vc_custom_1656594914795{margin-top: 35px !important;}&#8221;][vc_column width=&#8221;1\/2&#8243; css=&#8221;.vc_custom_1630995169282{background-image: url(https:\/\/bonocomerciovlc.com\/wp-content\/uploads\/2021\/09\/f1.jpg?id=162) !important;background-position: center !important;background-repeat: no-repeat !important;background-size: cover !important;}&#8221; el_class=&#8221;primero&#8221;][vc_raw_html el_class=&#8221;texto_enlace&#8221;]JTNDcCUzRSVDMiVCRkVSRVMlM0NzcGFuJTNFQ09NRVIlQzMlODclM0YlM0MlMkZzcGFuJTNFJTNDJTJGcCUzRSUwQSUzQ2ElMjBocmVmJTNEJTIyJTJGdmElMkZhZGhlcml4LWVsLXRldS1jb21lcmMlMkYlMjIlM0VJTlNDUklVLVRFJTNDJTJGYSUzRQ==[\/vc_raw_html][\/vc_column][vc_column width=&#8221;1\/2&#8243; css=&#8221;.vc_custom_1631175161051{background-image: url(https:\/\/bonocomerciovlc.com\/wp-content\/uploads\/2021\/09\/f23.jpg?id=239) !important;background-position: [&hellip;]\" \/>\n<meta property=\"og:url\" content=\"https:\/\/bonocomercioburjassot.com\/\" \/>\n<meta property=\"og:site_name\" content=\"Bo Comer\u00e7 Burjassot\" \/>\n<meta property=\"article:modified_time\" content=\"2026-03-20T11:59:05+00:00\" \/>\n<meta name=\"twitter:card\" content=\"summary_large_image\" \/>\n<meta name=\"twitter:label1\" content=\"Est. reading time\" \/>\n\t<meta name=\"twitter:data1\" content=\"1 minute\" \/>\n<script type=\"application\/ld+json\" class=\"yoast-schema-graph\">{\"@context\":\"https:\/\/schema.org\",\"@graph\":[{\"@type\":\"WebPage\",\"@id\":\"https:\/\/bonocomercioburjassot.com\/\",\"url\":\"https:\/\/bonocomercioburjassot.com\/\",\"name\":\"Home - Bo Comer\u00e7 Burjassot\",\"isPartOf\":{\"@id\":\"https:\/\/bonocomercioburjassot.com\/#website\"},\"datePublished\":\"2021-09-09T10:10:41+00:00\",\"dateModified\":\"2026-03-20T11:59:05+00:00\",\"breadcrumb\":{\"@id\":\"https:\/\/bonocomercioburjassot.com\/#breadcrumb\"},\"inLanguage\":\"va\",\"potentialAction\":[{\"@type\":\"ReadAction\",\"target\":[\"https:\/\/bonocomercioburjassot.com\/\"]}]},{\"@type\":\"BreadcrumbList\",\"@id\":\"https:\/\/bonocomercioburjassot.com\/#breadcrumb\",\"itemListElement\":[{\"@type\":\"ListItem\",\"position\":1,\"name\":\"Portada\",\"item\":\"https:\/\/bonocomercioburjassot.com\/\"},{\"@type\":\"ListItem\",\"position\":2,\"name\":\"Home\"}]},{\"@type\":\"WebSite\",\"@id\":\"https:\/\/bonocomercioburjassot.com\/#website\",\"url\":\"https:\/\/bonocomercioburjassot.com\/\",\"name\":\"Bo Comer\u00e7 Burjassot\",\"description\":\"Bo Comer\u00e7 Burjassot\",\"potentialAction\":[{\"@type\":\"SearchAction\",\"target\":{\"@type\":\"EntryPoint\",\"urlTemplate\":\"https:\/\/bonocomercioburjassot.com\/?s={search_term_string}\"},\"query-input\":\"required name=search_term_string\"}],\"inLanguage\":\"va\"}]}<\/script>\n<!-- \/ Yoast SEO plugin. -->","yoast_head_json":{"title":"Home - Bo Comer\u00e7 Burjassot","robots":{"index":"index","follow":"follow","max-snippet":"max-snippet:-1","max-image-preview":"max-image-preview:large","max-video-preview":"max-video-preview:-1"},"canonical":"https:\/\/bonocomercioburjassot.com\/","og_locale":"en_US","og_type":"article","og_title":"Home - Bo Comer\u00e7 Burjassot","og_description":"[vc_row full_width=&#8221;stretch_row_content_no_spaces&#8221; equal_height=&#8221;yes&#8221; disable_element=&#8221;yes&#8221; el_class=&#8221;home_enlaces&#8221; css=&#8221;.vc_custom_1656410133545{margin-top: 35px !important;}&#8221;][vc_column width=&#8221;1\/2&#8243; css=&#8221;.vc_custom_1630995169282{background-image: url(https:\/\/bonocomerciovlc.com\/wp-content\/uploads\/2021\/09\/f1.jpg?id=162) !important;background-position: center !important;background-repeat: no-repeat !important;background-size: cover !important;}&#8221; el_class=&#8221;primero&#8221;][vc_raw_html el_class=&#8221;texto_enlace&#8221;]JTNDcCUzRSVDMiVCRkVSRVMlM0NzcGFuJTNFQ09NRVIlQzMlODclM0YlM0MlMkZzcGFuJTNFJTNDJTJGcCUzRSUwQSUzQ2ElMjBocmVmJTNEJTIyJTJGdmElMkZhZGhlcml4LWVsLXRldS1jb21lcmMlMkYlMjIlM0VJTlNDUklVLVRFJTNDJTJGYSUzRQ==[\/vc_raw_html][\/vc_column][vc_column width=&#8221;1\/2&#8243; css=&#8221;.vc_custom_1631175161051{background-image: url(https:\/\/bonocomerciovlc.com\/wp-content\/uploads\/2021\/09\/f23.jpg?id=239) !important;background-position: center !important;background-repeat: no-repeat !important;background-size: cover !important;}&#8221; el_id=&#8221;segundo&#8221;][vc_raw_html el_class=&#8221;texto_enlace&#8221;]JTNDcCUzRUpBJTIwVEVOUyUyMEVMJTNDc3BhbiUzRVRFVSUyMEJPJTNGJTNDJTJGc3BhbiUzRSUzQyUyRnAlM0UlMEElM0NhJTIwaHJlZiUzRCUyMmh0dHBzJTNBJTJGJTJGYm9ub2NvbWVyY2lvdmxjLmNvbSUyRnZhJTJGaW1mb3JtYWNpby1wZXItYWxzLWNsaWVudHMlMkYlMjIlM0VDT05TVUxUQSUyMExFUyUyMENPTkRJQ0lPTlMlM0MlMkZhJTNF[\/vc_raw_html][\/vc_column][\/vc_row][vc_row full_width=&#8221;stretch_row_content_no_spaces&#8221; equal_height=&#8221;yes&#8221; disable_element=&#8221;yes&#8221; el_class=&#8221;home_enlaces&#8221; css=&#8221;.vc_custom_1656594914795{margin-top: 35px !important;}&#8221;][vc_column width=&#8221;1\/2&#8243; css=&#8221;.vc_custom_1630995169282{background-image: url(https:\/\/bonocomerciovlc.com\/wp-content\/uploads\/2021\/09\/f1.jpg?id=162) !important;background-position: center !important;background-repeat: no-repeat !important;background-size: cover !important;}&#8221; el_class=&#8221;primero&#8221;][vc_raw_html el_class=&#8221;texto_enlace&#8221;]JTNDcCUzRSVDMiVCRkVSRVMlM0NzcGFuJTNFQ09NRVIlQzMlODclM0YlM0MlMkZzcGFuJTNFJTNDJTJGcCUzRSUwQSUzQ2ElMjBocmVmJTNEJTIyJTJGdmElMkZhZGhlcml4LWVsLXRldS1jb21lcmMlMkYlMjIlM0VJTlNDUklVLVRFJTNDJTJGYSUzRQ==[\/vc_raw_html][\/vc_column][vc_column width=&#8221;1\/2&#8243; css=&#8221;.vc_custom_1631175161051{background-image: url(https:\/\/bonocomerciovlc.com\/wp-content\/uploads\/2021\/09\/f23.jpg?id=239) !important;background-position: [&hellip;]","og_url":"https:\/\/bonocomercioburjassot.com\/","og_site_name":"Bo Comer\u00e7 Burjassot","article_modified_time":"2026-03-20T11:59:05+00:00","twitter_card":"summary_large_image","twitter_misc":{"Est. reading time":"1 minute"},"schema":{"@context":"https:\/\/schema.org","@graph":[{"@type":"WebPage","@id":"https:\/\/bonocomercioburjassot.com\/","url":"https:\/\/bonocomercioburjassot.com\/","name":"Home - Bo Comer\u00e7 Burjassot","isPartOf":{"@id":"https:\/\/bonocomercioburjassot.com\/#website"},"datePublished":"2021-09-09T10:10:41+00:00","dateModified":"2026-03-20T11:59:05+00:00","breadcrumb":{"@id":"https:\/\/bonocomercioburjassot.com\/#breadcrumb"},"inLanguage":"va","potentialAction":[{"@type":"ReadAction","target":["https:\/\/bonocomercioburjassot.com\/"]}]},{"@type":"BreadcrumbList","@id":"https:\/\/bonocomercioburjassot.com\/#breadcrumb","itemListElement":[{"@type":"ListItem","position":1,"name":"Portada","item":"https:\/\/bonocomercioburjassot.com\/"},{"@type":"ListItem","position":2,"name":"Home"}]},{"@type":"WebSite","@id":"https:\/\/bonocomercioburjassot.com\/#website","url":"https:\/\/bonocomercioburjassot.com\/","name":"Bo Comer\u00e7 Burjassot","description":"Bo Comer\u00e7 Burjassot","potentialAction":[{"@type":"SearchAction","target":{"@type":"EntryPoint","urlTemplate":"https:\/\/bonocomercioburjassot.com\/?s={search_term_string}"},"query-input":"required name=search_term_string"}],"inLanguage":"va"}]}},"_links":{"self":[{"href":"https:\/\/bonocomercioburjassot.com\/va\/wp-json\/wp\/v2\/pages\/293"}],"collection":[{"href":"https:\/\/bonocomercioburjassot.com\/va\/wp-json\/wp\/v2\/pages"}],"about":[{"href":"https:\/\/bonocomercioburjassot.com\/va\/wp-json\/wp\/v2\/types\/page"}],"author":[{"embeddable":true,"href":"https:\/\/bonocomercioburjassot.com\/va\/wp-json\/wp\/v2\/users\/6"}],"replies":[{"embeddable":true,"href":"https:\/\/bonocomercioburjassot.com\/va\/wp-json\/wp\/v2\/comments?post=293"}],"version-history":[{"count":44,"href":"https:\/\/bonocomercioburjassot.com\/va\/wp-json\/wp\/v2\/pages\/293\/revisions"}],"predecessor-version":[{"id":1808,"href":"https:\/\/bonocomercioburjassot.com\/va\/wp-json\/wp\/v2\/pages\/293\/revisions\/1808"}],"wp:attachment":[{"href":"https:\/\/bonocomercioburjassot.com\/va\/wp-json\/wp\/v2\/media?parent=293"}],"curies":[{"name":"wp","href":"https:\/\/api.w.org\/{rel}","templated":true}]}}