{"id":281,"date":"2021-09-09T10:03:59","date_gmt":"2021-09-09T10:03:59","guid":{"rendered":"https:\/\/bonosvalencia.atic.green\/?page_id=281"},"modified":"2021-11-25T10:52:59","modified_gmt":"2021-11-25T10:52:59","slug":"tinc-un-bo","status":"publish","type":"page","link":"https:\/\/bonocomercioburjassot.com\/va\/tinc-un-bo\/","title":{"rendered":"Tinc un bo"},"content":{"rendered":"<p>[vc_row full_width=&#8221;stretch_row&#8221; el_class=&#8221;banner_compra_bono&#8221;][vc_column width=&#8221;1\/2&#8243;][vc_raw_html]JTNDcCUzRSUzQ3NwYW4lMjBjbGFzcyUzRCUyMmxpbmVhJTIyJTNFVElOQyUzQyUyRnNwYW4lM0UlM0NzcGFuJTIwY2xhc3MlM0QlMjJkZXN0YWNhZG8lMjIlM0VVTiUyMEJPJTNDJTJGc3BhbiUzRSUzQyUyRnAlM0UlMEElM0NwJTIwY2xhc3MlM0QlMjJtaW5pJTIyJTNFJTJBViVDMyVBMGxpZCUyMGZpbnMlMjBhbCUyMDMwJTIwZGUlMjBub3ZlbWJyZSUzQyUyRnAlM0U=[\/vc_raw_html][\/vc_column][vc_column width=&#8221;1\/2&#8243;][\/vc_column][\/vc_row][vc_row full_width=&#8221;stretch_row&#8221; css=&#8221;.vc_custom_1630997110743{background-color: #f1f1f1 !important;}&#8221; el_class=&#8221;puntos_consumidor&#8221;][vc_column width=&#8221;1\/3&#8243; el_class=&#8221;uno&#8221;][vc_column_text]<\/p>\n<h2>ARREPLEGA LA<br \/>\nTARGETA<\/h2>\n<p>[\/vc_column_text][\/vc_column][vc_column width=&#8221;1\/3&#8243; el_class=&#8221;dos&#8221;][vc_column_text]<\/p>\n<h2>CONSULTA ELS COMER\u00c7OS ADHERITS<\/h2>\n<p>[\/vc_column_text][\/vc_column][vc_column width=&#8221;1\/3&#8243; el_class=&#8221;tres&#8221;][vc_column_text]<\/p>\n<h2>GASTA EL TEU BO<\/h2>\n<p>[\/vc_column_text][\/vc_column][\/vc_row][vc_row el_class=&#8221;formulario&#8221; el_id=&#8221;comprar-bono&#8221;][vc_column width=&#8221;1\/6&#8243;][\/vc_column][vc_column width=&#8221;2\/3&#8243;][vc_single_image image=&#8221;424&#8243; img_size=&#8221;full&#8221;][vc_column_text el_class=&#8221;boton_flecha boton_contorno&#8221;]<a href=\"\/wp-content\/uploads\/2021\/10\/bonocomercio-para-la-web.jpg\" target=\"_blank\" rel=\"noopener\">CONSULTA EL SALDO DE TU BONO COMERCIO VLC <img decoding=\"async\" class=\"alignnone size-medium wp-image-36\" src=\"\/wp-content\/uploads\/2021\/08\/amarilla.svg\" \/><\/a>[\/vc_column_text][vc_row_inner el_class=&#8221;texto_form&#8221;][vc_column_inner][vc_column_text css=&#8221;.vc_custom_1635853653387{margin-bottom: 10px !important;}&#8221;]<\/p>\n<h3>El BO COMER\u00c7 VLC podr\u00e0 recollir-se en l&#8217;oficina seleccionada a partir del 8 de novembre en els horaris indicats. Els bons adquirits a partir del dia 8 de novembre, podran recollir-se l&#8217;endem\u00e0 de la data de la compra.<\/h3>\n<h3>El BO COMER\u00c7 VLC adquirit a partir del 2 de novembre podr\u00e0 ser utilitzat per a les compres en els establiments adherits entre el 10 i el 30 de novembre de 2021.<\/h3>\n<h4>Segons les Bases Reguladores, poden adquirir-se dos BO COMER\u00c7 VLC per DNI\/NIE. Els titulars anteriors al 2 de novembre NO podran comprar m\u00e9s targetes en aquesta ampliaci\u00f3 de la campanya.<\/h4>\n<h4><em>Nom\u00e9s es pot utilitzar als <a style=\"color: #b51731;\" href=\"https:\/\/bonocomerciovlc.com\/va\/comercos-adherits\/\">comer\u00e7os adherits<\/a><\/em><\/h4>\n<p>[\/vc_column_text][\/vc_column_inner][\/vc_row_inner][vc_row_inner el_class=&#8221;boton_contorno&#8221;][vc_column_inner][vc_column_text el_class=&#8221;boton_flecha&#8221;]<a href=\"https:\/\/bonocomerciovlc.com\/va\/imformacio-per-als-clients\/\" target=\"_blank\" rel=\"noopener\">Informaci\u00f3 BO COMER\u00c7 VLC consumidor <img decoding=\"async\" class=\"alignnone size-medium wp-image-36\" src=\"\/wp-content\/uploads\/2021\/08\/amarilla.svg\" \/><\/a>[\/vc_column_text][vc_column_text el_class=&#8221;boton_flecha&#8221;]<a href=\"https:\/\/bonocomerciovlc.com\/wp-content\/uploads\/2021\/09\/ESbases-reguladoras-1.pdf\" target=\"_blank\" rel=\"noopener\">Bases reguladores <img decoding=\"async\" class=\"alignnone size-medium wp-image-36\" src=\"\/wp-content\/uploads\/2021\/08\/amarilla.svg\" \/><\/a>[\/vc_column_text][vc_column_text el_class=&#8221;boton_flecha&#8221;]<a href=\"https:\/\/bonocomerciovlc.com\/wp-content\/uploads\/2021\/09\/Autoritzacio-Bons.pdf\" target=\"_blank\" rel=\"noopener\">Desc\u00e0rrega Autoritzaci\u00f3 recollida del bo per altres persones <img decoding=\"async\" class=\"alignnone size-medium wp-image-36\" src=\"\/wp-content\/uploads\/2021\/08\/amarilla.svg\" \/><\/a>[\/vc_column_text][\/vc_column_inner][\/vc_row_inner]<div id=\"mensaje_solicitud\"><\/div><div id=\"comprar-bono\" class=\"vc_row wpb_row vc_row-fluid compra_inactiva\">\n\t\t<div class=\"wpb_column vc_column_container vc_col-sm-12\"><div class=\"vc_column-inner\"><div class=\"wpb_wrapper\">\n\t\t\t<div class=\"wpb_text_column wpb_content_element  vc_custom_1630997095489\">\n\t\t\t\t<div class=\"wpb_wrapper\"><h2 style=\"text-align: center;\">VENDA EL PR\u00d3XIMO 21 DE ABRIL HASTA EL 30 DE JUNIO, o agotar existencias. Podr\u00e1s comprar hasta dos bonos.<\/h2><\/div>\n\t\t\t<\/div>\n\t\t\t\n\t\t<\/div><\/div><\/div>\n\t\t<\/div>[\/vc_column][vc_column width=&#8221;1\/6&#8243;][\/vc_column][\/vc_row][vc_row disable_element=&#8221;yes&#8221; el_class=&#8221;compra_inactiva&#8221; el_id=&#8221;comprar-bono&#8221;][vc_column width=&#8221;1\/6&#8243;][\/vc_column][vc_column width=&#8221;2\/3&#8243;][vc_column_text css=&#8221;.vc_custom_1631181979048{margin-bottom: 10px !important;}&#8221;]<\/p>\n<h2 style=\"text-align: center;\">Compra el teu bo a partir de l&#8217;1 d&#8217;octubre<\/h2>\n<p>[\/vc_column_text][vc_column_text]<\/p>\n<p style=\"text-align: center;\"><a href=\"#\">COMPRAR<\/a><\/p>\n<p>[\/vc_column_text][\/vc_column][vc_column width=&#8221;1\/6&#8243;][\/vc_column][\/vc_row][vc_row el_class=&#8221;faq&#8221;][vc_column][vc_row_inner][vc_column_inner][vc_column_text css=&#8221;.vc_custom_1631181989823{margin-bottom: 10px !important;}&#8221;]<\/p>\n<h2 style=\"text-align: center;\">Preguntes freq\u00fcents<\/h2>\n<p>[\/vc_column_text][\/vc_column_inner][\/vc_row_inner][vc_row_inner][vc_column_inner width=&#8221;1\/2&#8243;][vc_column_text css=&#8221;.vc_custom_1631530681728{margin-bottom: 15px !important;}&#8221;]<\/p>\n<h3>\u00bfQU\u00c8 S\u00d3N ELS BONS COMER\u00c7 VLC?<\/h3>\n<p>La campanya BONS COMER\u00c7 VLC \u00e9s una iniciativa de l\u2019Ajuntament de Val\u00e8ncia, duta a terme a partir d\u2019un conveni firmat amb la Cambra de Comer\u00e7 de Val\u00e8ncia, amb l\u2019objectiu de fomentar la dinamitzaci\u00f3 de l\u2019activitat econ\u00f2mica, molt especialment del comer\u00e7 en la ciutat de Val\u00e8ncia, paralitzada de manera important per la crisi sanit\u00e0ria produ\u00efda per la pand\u00e8mia del covid-19.[\/vc_column_text][vc_toggle title=&#8221;Llegir m\u00e9s&#8221;]En la campanya podran participar els comer\u00e7os de la ciutat de Val\u00e8ncia que complisquen els requisits establits i s\u2019hi adherisquen correctament a trav\u00e9s d\u2019este web. D\u2019altra banda, podr\u00e0 adquirir el bo qualsevol persona que ho desitge i l\u2019utilitzar\u00e0 per a l\u2019adquisici\u00f3 de b\u00e9ns i\/o servicis en estos comer\u00e7os.[\/vc_toggle][\/vc_column_inner][vc_column_inner width=&#8221;1\/2&#8243;][vc_column_text css=&#8221;.vc_custom_1631530710904{margin-bottom: 15px !important;}&#8221;]<\/p>\n<h3>\u00bfON ES PODEN ADQUIRIR ELS BONS COMER\u00c7 VLC?<\/h3>\n<p>Els bons es podran adquirir a trav\u00e9s d\u2019este web, fent clic en COMPRA EL TEU BO. Qualsevol consumidor major de 16 anys podr\u00e0 obtindre, associat a un DNI\/NIE, un m\u00e0xim de dos bons per a les compres en els comer\u00e7os adherits a la campanya, dels quals el 50% del bo l\u2019aportar\u00e0 el client a trav\u00e9s de la passarel\u2022la de pagament habilitada en este web, i el 50% restant ser\u00e0 una aportaci\u00f3 directa de l\u2019Ajuntament de Val\u00e8ncia. En definitiva, cada bo tindr\u00e0 un valor de 100\u20ac.[\/vc_column_text][vc_toggle title=&#8221;Llegir m\u00e9s&#8221;]Per a obtindre el bo, el sol\u2022licitant s\u2019ha d\u2019inscriure en el web de la campanya, i ha d\u2019abonar amb una targeta banc\u00e0ria, a trav\u00e9s de la passarel\u2022la de pagament, la mitat del preu del bo desitjat (50\u20ac). Una vegada adquirit el bo, el web l\u2019informar\u00e0 en un desplegable les diverses oficines on pot anar a arreplegar el BO COMER\u00c7 VLC. El sol\u2022licitant seleccionar\u00e0 una oficina concreta, i se li enviar\u00e0 un correu electr\u00f2nic de manera autom\u00e0tica, en el qual s\u2019indicar\u00e0 en quina sucursal de l\u2019entitat banc\u00e0ria col\u2022laboradora amb esta campanya i a partir de quina data podr\u00e0 arreplegar el bo.[\/vc_toggle][\/vc_column_inner][\/vc_row_inner][vc_row_inner][vc_column_inner width=&#8221;1\/2&#8243;][vc_column_text]<\/p>\n<h3>\u00bfQUAN ADQUIRIR ELS BONS COMER\u00c7 VLC?<\/h3>\n<p>El termini per a l\u2019adquisici\u00f3 dels bons ser\u00e0 del 2 de novembre a les 9 a.m. fins al 8 de novembre a les 12 p.m., o fins a la fi del pressupost.<br \/>\nL\u2019acc\u00e9s als bons es determinar\u00e0 per orde de petici\u00f3, i es concediran a totes les persones que hagen presentat sol\u2022licituds que complisquen els requisits establits en les bases, sense que en cap cas se supere el cr\u00e8dit autoritzat en la convocat\u00f2ria.[\/vc_column_text][\/vc_column_inner][vc_column_inner width=&#8221;1\/2&#8243;][vc_column_text]<\/p>\n<h3>\u00bfFINS A QUAN ES PODEN CANVIAR ELS BONS COMER\u00c7 VLC?<\/h3>\n<p>Els BONS COMER\u00c7 VLC podran utilitzar-se per a realitzar les compres des del 10 de novembre fins al 30 de novembre en els comer\u00e7os adherits.<\/p>\n<p>La quantitat no canviada en la targeta, una vegada passat el 30 de novembre de 2021, termini de vig\u00e8ncia de la campanya promocional BO COMER\u00c7 VLC, ja no podr\u00e0 ser utilitzat per la persona titular del bo comer\u00e7.[\/vc_column_text][vc_toggle title=&#8221;Llegir m\u00e9s&#8221;]L\u2019import dels bons adquirits i no canviats per les persones compradores dins del termini establit per a fer-ho es destinar\u00e0 a la dinamitzaci\u00f3 del comer\u00e7 valenci\u00e0.[\/vc_toggle][\/vc_column_inner][\/vc_row_inner][vc_row_inner][vc_column_inner width=&#8221;1\/2&#8243;][vc_column_text css=&#8221;.vc_custom_1631530755616{margin-bottom: 15px !important;}&#8221;]<\/p>\n<h3>\u00bfCOM CANVIAR ELS BONS COMER\u00c7 VLC?<\/h3>\n<p>Els BONS COMER\u00c7 VLC podran ser utilitzats des del moment en qu\u00e8 siguen arreplegats pels clients en l\u2019entitat financera col\u2022laboradora fins al 30 de novembre, data en qu\u00e8 finalitza la campanya promocional.<br \/>\nL\u2019usuari que fa\u00e7a una compra en el comer\u00e7 podr\u00e0 presentar un o dos bons per valor de 100,00 \u20ac per al seu bescanvi. L\u2019establiment passar\u00e0 el bo en format de targeta banc\u00e0ria prepagament pel dat\u00e0fon. Si l\u2019import de la compra en l\u2019establiment excedira l\u2019import del\/s bo\/ns adquirit\/s, el client haur\u00e0 d\u2019abonar l\u2019exc\u00e9s amb qualsevol m\u00e8tode de pagament adm\u00e9s en l\u2019establiment. La utilitzaci\u00f3 del\/s bo\/ns ser\u00e0 compatible amb qualsevol descompte, oferta o rebaixa disponible en l\u2019establiment comercial per al producte que es vol adquirir.[\/vc_column_text][vc_toggle title=&#8221;Llegir m\u00e9s&#8221;]Es podr\u00e0 utilitzar parcialment el saldo de les targetes en diverses compres, per la qual cosa el consumidor podr\u00e0 accedir al saldo existent en la targeta a trav\u00e9s d\u2019un web habilitat a este efecte per l\u2019entitat financera col\u2022laboradora.<\/p>\n<p>Els productes que s\u2019adquirisquen a trav\u00e9s del BO podran ser canviats, si l\u2019establiment ho autoritza, per un producte de preu igual o superior (abonant la difer\u00e8ncia el\/la client\/a), per\u00f2 en cap cas es podr\u00e0 sol\u2022licitar la devoluci\u00f3 dels diners. El comer\u00e7 mostrar\u00e0 en lloc visible i accessible per al p\u00fablic, les condicions de compra del BO COMER\u00c7 VLC.<\/p>\n<p>Els BONS COMER\u00c7 VLC s\u00f3n per a \u00fas exclusiu en els comer\u00e7os adherits, i no permetr\u00e0 la retirada d\u2019efectiu. Es podr\u00e0 consultar de manera gratu\u00efta el saldo o moviments en el tel\u00e8fon 902 310 902 i el web http:\/\/www.tutarjetaregalo.com de l\u2019entitat banc\u00e0ria. No tindr\u00e0 cap cost addicional. En el proc\u00e9s d\u2019adquisici\u00f3 del bo a trav\u00e9s del web el consumidor podr\u00e0 seleccionar la sucursal de l\u2019entitat banc\u00e0ria col\u2022laboradora i a partir de quina data podr\u00e0 arreplegar el bo.[\/vc_toggle][\/vc_column_inner][vc_column_inner width=&#8221;1\/2&#8243;][vc_column_text css=&#8221;.vc_custom_1635418151290{margin-bottom: 15px !important;}&#8221;]<\/p>\n<h3>\u00bfCOM ADQUIRIR ELS BONS COMER\u00c7 VLC?<\/h3>\n<p>L\u2019usuari haur\u00e0 de crear un compte d\u2019usuari i una contrasenya. Per a completar este proc\u00e9s, haur\u00e0 d\u2019introduir les dades personals sol\u2022licitades en la subscripci\u00f3 dels BONS COMER\u00c7 VLC. A continuaci\u00f3, rebr\u00e0 en el seu correu electr\u00f2nic un codi d\u2019autenticaci\u00f3 vinculat al seu DNI\/NIE, de manera que els bons als quals accedisca estaran vinculats a estes dades personals. El consumidor que vullga arreplegar el BO COMER\u00c7 VLC d\u2019una altra persona, haur\u00e0 de presentar una autoritzaci\u00f3 firmada i una fotoc\u00f2pia del DNI del titular del BO en el moment de la recollida.<\/p>\n<p>Horari de recollida de targetes a Caixa Popular:<br \/>\nDilluns a dijous: de 9 a 14 h.<br \/>\nDivendres: de 9 a 17 h.<\/p>\n<p>Horari de recollida de targetes en Cambra Val\u00e8ncia:<br \/>\nDilluns a divendres: de 10 a 13 h.[\/vc_column_text][vc_toggle title=&#8221;Llegir m\u00e9s&#8221;]Una vegada creat l\u2019usuari, este podr\u00e0 descarregar-se un m\u00e0xim de dos bons de 100,00\u20ac, fins a finalitzar-ne les exist\u00e8ncies, que ascendiran a un m\u00e0xim de 100,00\u20ac de subvenci\u00f3, i que podran ser canviats en la compra de b\u00e9ns i\/o servicis en els establiments adherits. Els bons podran ser acumulables entre si fins a un m\u00e0xim de dos, sempre que es complisca la regla de bescanvi d\u2019un m\u00e0xim del 50% del valor de la compra subvencionat, sent el 50% restant a c\u00e0rrec del consumidor.[\/vc_toggle][\/vc_column_inner][\/vc_row_inner][\/vc_column][\/vc_row]<\/p>\n","protected":false},"excerpt":{"rendered":"<p>[vc_row full_width=&#8221;stretch_row&#8221; el_class=&#8221;banner_compra_bono&#8221;][vc_column width=&#8221;1\/2&#8243;][vc_raw_html]JTNDcCUzRSUzQ3NwYW4lMjBjbGFzcyUzRCUyMmxpbmVhJTIyJTNFVElOQyUzQyUyRnNwYW4lM0UlM0NzcGFuJTIwY2xhc3MlM0QlMjJkZXN0YWNhZG8lMjIlM0VVTiUyMEJPJTNDJTJGc3BhbiUzRSUzQyUyRnAlM0UlMEElM0NwJTIwY2xhc3MlM0QlMjJtaW5pJTIyJTNFJTJBViVDMyVBMGxpZCUyMGZpbnMlMjBhbCUyMDMwJTIwZGUlMjBub3ZlbWJyZSUzQyUyRnAlM0U=[\/vc_raw_html][\/vc_column][vc_column width=&#8221;1\/2&#8243;][\/vc_column][\/vc_row][vc_row full_width=&#8221;stretch_row&#8221; css=&#8221;.vc_custom_1630997110743{background-color: #f1f1f1 !important;}&#8221; el_class=&#8221;puntos_consumidor&#8221;][vc_column width=&#8221;1\/3&#8243; el_class=&#8221;uno&#8221;][vc_column_text] ARREPLEGA LA TARGETA [\/vc_column_text][\/vc_column][vc_column width=&#8221;1\/3&#8243; el_class=&#8221;dos&#8221;][vc_column_text] CONSULTA ELS COMER\u00c7OS ADHERITS [\/vc_column_text][\/vc_column][vc_column width=&#8221;1\/3&#8243; el_class=&#8221;tres&#8221;][vc_column_text] GASTA EL TEU BO [\/vc_column_text][\/vc_column][\/vc_row][vc_row el_class=&#8221;formulario&#8221; el_id=&#8221;comprar-bono&#8221;][vc_column width=&#8221;1\/6&#8243;][\/vc_column][vc_column width=&#8221;2\/3&#8243;][vc_single_image image=&#8221;424&#8243; img_size=&#8221;full&#8221;][vc_column_text el_class=&#8221;boton_flecha boton_contorno&#8221;]CONSULTA EL SALDO DE TU BONO COMERCIO VLC [\/vc_column_text][vc_row_inner el_class=&#8221;texto_form&#8221;][vc_column_inner][vc_column_text css=&#8221;.vc_custom_1635853653387{margin-bottom: 10px !important;}&#8221;] El BO COMER\u00c7 VLC podr\u00e0 [&hellip;]<\/p>\n","protected":false},"author":6,"featured_media":0,"parent":0,"menu_order":0,"comment_status":"closed","ping_status":"closed","template":"","meta":{"footnotes":""},"yoast_head":"<!-- This site is optimized with the Yoast SEO plugin v22.9 - https:\/\/yoast.com\/wordpress\/plugins\/seo\/ -->\n<title>Tinc un bo - Bo Comer\u00e7 Burjassot<\/title>\n<meta name=\"robots\" content=\"index, follow, max-snippet:-1, max-image-preview:large, max-video-preview:-1\" \/>\n<link rel=\"canonical\" href=\"https:\/\/bonocomercioburjassot.com\/va\/tinc-un-bo\/\" \/>\n<meta property=\"og:locale\" content=\"en_US\" \/>\n<meta property=\"og:type\" content=\"article\" \/>\n<meta property=\"og:title\" content=\"Tinc un bo - Bo Comer\u00e7 Burjassot\" \/>\n<meta property=\"og:description\" content=\"[vc_row full_width=&#8221;stretch_row&#8221; el_class=&#8221;banner_compra_bono&#8221;][vc_column width=&#8221;1\/2&#8243;][vc_raw_html]JTNDcCUzRSUzQ3NwYW4lMjBjbGFzcyUzRCUyMmxpbmVhJTIyJTNFVElOQyUzQyUyRnNwYW4lM0UlM0NzcGFuJTIwY2xhc3MlM0QlMjJkZXN0YWNhZG8lMjIlM0VVTiUyMEJPJTNDJTJGc3BhbiUzRSUzQyUyRnAlM0UlMEElM0NwJTIwY2xhc3MlM0QlMjJtaW5pJTIyJTNFJTJBViVDMyVBMGxpZCUyMGZpbnMlMjBhbCUyMDMwJTIwZGUlMjBub3ZlbWJyZSUzQyUyRnAlM0U=[\/vc_raw_html][\/vc_column][vc_column width=&#8221;1\/2&#8243;][\/vc_column][\/vc_row][vc_row full_width=&#8221;stretch_row&#8221; css=&#8221;.vc_custom_1630997110743{background-color: #f1f1f1 !important;}&#8221; el_class=&#8221;puntos_consumidor&#8221;][vc_column width=&#8221;1\/3&#8243; el_class=&#8221;uno&#8221;][vc_column_text] ARREPLEGA LA TARGETA [\/vc_column_text][\/vc_column][vc_column width=&#8221;1\/3&#8243; el_class=&#8221;dos&#8221;][vc_column_text] CONSULTA ELS COMER\u00c7OS ADHERITS [\/vc_column_text][\/vc_column][vc_column width=&#8221;1\/3&#8243; el_class=&#8221;tres&#8221;][vc_column_text] GASTA EL TEU BO [\/vc_column_text][\/vc_column][\/vc_row][vc_row el_class=&#8221;formulario&#8221; el_id=&#8221;comprar-bono&#8221;][vc_column width=&#8221;1\/6&#8243;][\/vc_column][vc_column width=&#8221;2\/3&#8243;][vc_single_image image=&#8221;424&#8243; img_size=&#8221;full&#8221;][vc_column_text el_class=&#8221;boton_flecha boton_contorno&#8221;]CONSULTA EL SALDO DE TU BONO COMERCIO VLC [\/vc_column_text][vc_row_inner el_class=&#8221;texto_form&#8221;][vc_column_inner][vc_column_text css=&#8221;.vc_custom_1635853653387{margin-bottom: 10px !important;}&#8221;] El BO COMER\u00c7 VLC podr\u00e0 [&hellip;]\" \/>\n<meta property=\"og:url\" content=\"https:\/\/bonocomercioburjassot.com\/va\/tinc-un-bo\/\" \/>\n<meta property=\"og:site_name\" content=\"Bo Comer\u00e7 Burjassot\" \/>\n<meta property=\"article:modified_time\" content=\"2021-11-25T10:52:59+00:00\" \/>\n<meta name=\"twitter:card\" content=\"summary_large_image\" \/>\n<meta name=\"twitter:label1\" content=\"Est. reading time\" \/>\n\t<meta name=\"twitter:data1\" content=\"7 minutes\" \/>\n<script type=\"application\/ld+json\" class=\"yoast-schema-graph\">{\"@context\":\"https:\/\/schema.org\",\"@graph\":[{\"@type\":\"WebPage\",\"@id\":\"https:\/\/bonocomercioburjassot.com\/va\/tinc-un-bo\/\",\"url\":\"https:\/\/bonocomercioburjassot.com\/va\/tinc-un-bo\/\",\"name\":\"Tinc un bo - Bo Comer\u00e7 Burjassot\",\"isPartOf\":{\"@id\":\"https:\/\/bonocomercioburjassot.com\/#website\"},\"datePublished\":\"2021-09-09T10:03:59+00:00\",\"dateModified\":\"2021-11-25T10:52:59+00:00\",\"breadcrumb\":{\"@id\":\"https:\/\/bonocomercioburjassot.com\/va\/tinc-un-bo\/#breadcrumb\"},\"inLanguage\":\"va\",\"potentialAction\":[{\"@type\":\"ReadAction\",\"target\":[\"https:\/\/bonocomercioburjassot.com\/va\/tinc-un-bo\/\"]}]},{\"@type\":\"BreadcrumbList\",\"@id\":\"https:\/\/bonocomercioburjassot.com\/va\/tinc-un-bo\/#breadcrumb\",\"itemListElement\":[{\"@type\":\"ListItem\",\"position\":1,\"name\":\"Portada\",\"item\":\"https:\/\/bonocomercioburjassot.com\/\"},{\"@type\":\"ListItem\",\"position\":2,\"name\":\"Tinc un bo\"}]},{\"@type\":\"WebSite\",\"@id\":\"https:\/\/bonocomercioburjassot.com\/#website\",\"url\":\"https:\/\/bonocomercioburjassot.com\/\",\"name\":\"Bo Comer\u00e7 Burjassot\",\"description\":\"Bo Comer\u00e7 Burjassot\",\"potentialAction\":[{\"@type\":\"SearchAction\",\"target\":{\"@type\":\"EntryPoint\",\"urlTemplate\":\"https:\/\/bonocomercioburjassot.com\/?s={search_term_string}\"},\"query-input\":\"required name=search_term_string\"}],\"inLanguage\":\"va\"}]}<\/script>\n<!-- \/ Yoast SEO plugin. -->","yoast_head_json":{"title":"Tinc un bo - Bo Comer\u00e7 Burjassot","robots":{"index":"index","follow":"follow","max-snippet":"max-snippet:-1","max-image-preview":"max-image-preview:large","max-video-preview":"max-video-preview:-1"},"canonical":"https:\/\/bonocomercioburjassot.com\/va\/tinc-un-bo\/","og_locale":"en_US","og_type":"article","og_title":"Tinc un bo - Bo Comer\u00e7 Burjassot","og_description":"[vc_row full_width=&#8221;stretch_row&#8221; el_class=&#8221;banner_compra_bono&#8221;][vc_column width=&#8221;1\/2&#8243;][vc_raw_html]JTNDcCUzRSUzQ3NwYW4lMjBjbGFzcyUzRCUyMmxpbmVhJTIyJTNFVElOQyUzQyUyRnNwYW4lM0UlM0NzcGFuJTIwY2xhc3MlM0QlMjJkZXN0YWNhZG8lMjIlM0VVTiUyMEJPJTNDJTJGc3BhbiUzRSUzQyUyRnAlM0UlMEElM0NwJTIwY2xhc3MlM0QlMjJtaW5pJTIyJTNFJTJBViVDMyVBMGxpZCUyMGZpbnMlMjBhbCUyMDMwJTIwZGUlMjBub3ZlbWJyZSUzQyUyRnAlM0U=[\/vc_raw_html][\/vc_column][vc_column width=&#8221;1\/2&#8243;][\/vc_column][\/vc_row][vc_row full_width=&#8221;stretch_row&#8221; css=&#8221;.vc_custom_1630997110743{background-color: #f1f1f1 !important;}&#8221; el_class=&#8221;puntos_consumidor&#8221;][vc_column width=&#8221;1\/3&#8243; el_class=&#8221;uno&#8221;][vc_column_text] ARREPLEGA LA TARGETA [\/vc_column_text][\/vc_column][vc_column width=&#8221;1\/3&#8243; el_class=&#8221;dos&#8221;][vc_column_text] CONSULTA ELS COMER\u00c7OS ADHERITS [\/vc_column_text][\/vc_column][vc_column width=&#8221;1\/3&#8243; el_class=&#8221;tres&#8221;][vc_column_text] GASTA EL TEU BO [\/vc_column_text][\/vc_column][\/vc_row][vc_row el_class=&#8221;formulario&#8221; el_id=&#8221;comprar-bono&#8221;][vc_column width=&#8221;1\/6&#8243;][\/vc_column][vc_column width=&#8221;2\/3&#8243;][vc_single_image image=&#8221;424&#8243; img_size=&#8221;full&#8221;][vc_column_text el_class=&#8221;boton_flecha boton_contorno&#8221;]CONSULTA EL SALDO DE TU BONO COMERCIO VLC [\/vc_column_text][vc_row_inner el_class=&#8221;texto_form&#8221;][vc_column_inner][vc_column_text css=&#8221;.vc_custom_1635853653387{margin-bottom: 10px !important;}&#8221;] El BO COMER\u00c7 VLC podr\u00e0 [&hellip;]","og_url":"https:\/\/bonocomercioburjassot.com\/va\/tinc-un-bo\/","og_site_name":"Bo Comer\u00e7 Burjassot","article_modified_time":"2021-11-25T10:52:59+00:00","twitter_card":"summary_large_image","twitter_misc":{"Est. reading time":"7 minutes"},"schema":{"@context":"https:\/\/schema.org","@graph":[{"@type":"WebPage","@id":"https:\/\/bonocomercioburjassot.com\/va\/tinc-un-bo\/","url":"https:\/\/bonocomercioburjassot.com\/va\/tinc-un-bo\/","name":"Tinc un bo - Bo Comer\u00e7 Burjassot","isPartOf":{"@id":"https:\/\/bonocomercioburjassot.com\/#website"},"datePublished":"2021-09-09T10:03:59+00:00","dateModified":"2021-11-25T10:52:59+00:00","breadcrumb":{"@id":"https:\/\/bonocomercioburjassot.com\/va\/tinc-un-bo\/#breadcrumb"},"inLanguage":"va","potentialAction":[{"@type":"ReadAction","target":["https:\/\/bonocomercioburjassot.com\/va\/tinc-un-bo\/"]}]},{"@type":"BreadcrumbList","@id":"https:\/\/bonocomercioburjassot.com\/va\/tinc-un-bo\/#breadcrumb","itemListElement":[{"@type":"ListItem","position":1,"name":"Portada","item":"https:\/\/bonocomercioburjassot.com\/"},{"@type":"ListItem","position":2,"name":"Tinc un bo"}]},{"@type":"WebSite","@id":"https:\/\/bonocomercioburjassot.com\/#website","url":"https:\/\/bonocomercioburjassot.com\/","name":"Bo Comer\u00e7 Burjassot","description":"Bo Comer\u00e7 Burjassot","potentialAction":[{"@type":"SearchAction","target":{"@type":"EntryPoint","urlTemplate":"https:\/\/bonocomercioburjassot.com\/?s={search_term_string}"},"query-input":"required name=search_term_string"}],"inLanguage":"va"}]}},"_links":{"self":[{"href":"https:\/\/bonocomercioburjassot.com\/va\/wp-json\/wp\/v2\/pages\/281"}],"collection":[{"href":"https:\/\/bonocomercioburjassot.com\/va\/wp-json\/wp\/v2\/pages"}],"about":[{"href":"https:\/\/bonocomercioburjassot.com\/va\/wp-json\/wp\/v2\/types\/page"}],"author":[{"embeddable":true,"href":"https:\/\/bonocomercioburjassot.com\/va\/wp-json\/wp\/v2\/users\/6"}],"replies":[{"embeddable":true,"href":"https:\/\/bonocomercioburjassot.com\/va\/wp-json\/wp\/v2\/comments?post=281"}],"version-history":[{"count":5,"href":"https:\/\/bonocomercioburjassot.com\/va\/wp-json\/wp\/v2\/pages\/281\/revisions"}],"predecessor-version":[{"id":731,"href":"https:\/\/bonocomercioburjassot.com\/va\/wp-json\/wp\/v2\/pages\/281\/revisions\/731"}],"wp:attachment":[{"href":"https:\/\/bonocomercioburjassot.com\/va\/wp-json\/wp\/v2\/media?parent=281"}],"curies":[{"name":"wp","href":"https:\/\/api.w.org\/{rel}","templated":true}]}}