{"id":272,"date":"2021-09-09T09:56:36","date_gmt":"2021-09-09T09:56:36","guid":{"rendered":"https:\/\/bonosvalencia.atic.green\/?page_id=272"},"modified":"2026-03-25T10:07:25","modified_gmt":"2026-03-25T09:07:25","slug":"adherix-el-teu-comerc","status":"publish","type":"page","link":"https:\/\/bonocomercioburjassot.com\/va\/adherix-el-teu-comerc\/","title":{"rendered":"Adherix el teu comer\u00e7"},"content":{"rendered":"<p>[vc_row full_width=&#8221;stretch_row&#8221; equal_height=&#8221;yes&#8221; content_placement=&#8221;middle&#8221; el_class=&#8221;banner_compra_bono alta&#8221;][vc_column width=&#8221;1\/2&#8243;][vc_raw_html]JTNDcCUyMHN0eWxlJTNEJTIydGV4dC1hbGlnbiUzQSUyMGxlZnQlM0J2ZXJ0aWNhbC1hbGlnbiUzQSUyMG1pZGRsZSUzQiUyMiUzRSUzQ3NwYW4lMjBzdHlsZSUzRCUyMiUwQSUyMCUyMCUyMCUyMHZlcnRpY2FsLWFsaWduJTNBJTIwbWlkZGxlJTNCJTBBJTIwJTIwJTIwJTIwdmVydGljYWwtYWxpZ24lM0ElMjBtaWRkbGUlM0IlMEElMjIlM0VET05BJTIwRCVFMiU4MCU5OUFMVEElMjBFTCUyMCUzQ2JyJTIwJTJGJTNFVEVVJTNDJTJGc3BhbiUzRSUzQ3NwYW4lMjBjbGFzcyUzRCUyMmRlc3RhY2FkbyUyMiUyMHN0eWxlJTNEJTIyJTBBJTIwJTIwJTIwJTIwdmVydGljYWwtYWxpZ24lM0ElMjBtaWRkbGUlM0IlMEElMjAlMjAlMjAlMjBwYWRkaW5nLWxlZnQlM0ElMjAyMHB4JTNCJTBBJTIyJTNFJTIwTkVHT0NJJTNDJTJGc3BhbiUzRSUyMCUzQ2JyJTJGJTNFJTIwJTBBJTNDYSUyMHN0eWxlJTNEJTIyJTBBJTIwJTIwJTIwJTIwdmVydGljYWwtYWxpZ24lM0ElMjBtaWRkbGUlM0IlMEElMjAlMjAlMjAlMjBiYWNrZ3JvdW5kJTNBJTIwcmVkJTNCJTBBJTIwJTIwJTIwJTIwYm9yZGVyLXJhZGl1cyUzQSUyMDEwcHglM0IlMEElMjAlMjAlMjAlMjBib3JkZXIlM0ElMjAxcHglMjBzb2xpZCUyMGJsYWNrJTNCJTBBJTIyJTIwaHJlZiUzRCUyMiUyM2FsdGEtY29tZXJjaW8lMjIlMjBzdHlsZSUzRCUyMiUwQSUyMCUyMCUyMCUyMHZlcnRpY2FsLWFsaWduJTNBJTIwbWlkZGxlJTNCJTBBJTIyJTNFQURIRVJFSVglMjBFTCUyMFRFVSUyMEVTVEFCTElNRU5UJTNDJTJGYSUzRSUzQyUyRnAlM0U=[\/vc_raw_html][\/vc_column][vc_column width=&#8221;1\/2&#8243;][vc_single_image image=&#8221;1494&#8243; img_size=&#8221;large&#8221; alignment=&#8221;center&#8221;][\/vc_column][\/vc_row][vc_row full_width=&#8221;stretch_row&#8221; css=&#8221;.vc_custom_1700246658564{background-color: #39b54a !important;}&#8221; el_class=&#8221;puntos_consumidor alta&#8221; el_id=&#8221;banner105&#8243;][vc_column width=&#8221;1\/2&#8243; el_class=&#8221;uno&#8221;][vc_column_text]<\/p>\n<h2>COMPLIR ELS REQUISITS <a style=\"color: black;\" href=\"\/va\/informacio-per-al-comerciant\/\" target=\"_blank\" rel=\"noopener\">Veure requisits<\/a><\/h2>\n<p>[\/vc_column_text][\/vc_column][vc_column width=&#8221;1\/2&#8243; el_class=&#8221;dos&#8221;][vc_column_text]<\/p>\n<h2>OMPLIR FORMULARI <a style=\"color: black;\" href=\"#alta-comercio\" rel=\"noopener\">Comen\u00e7ar<\/a><\/h2>\n<p>[\/vc_column_text][\/vc_column][\/vc_row][vc_row el_class=&#8221;formulario&#8221; el_id=&#8221;alta-comercio&#8221;][vc_column width=&#8221;1\/6&#8243; css=&#8221;.vc_custom_1631009739164{padding-top: 0px !important;}&#8221;][\/vc_column][vc_column width=&#8221;2\/3&#8243; css=&#8221;.vc_custom_1631009742758{padding-top: 0px !important;}&#8221;][vc_row_inner][vc_column_inner][vc_column_text]<\/p>\n<h2 style=\"text-align: center;\">Dona d&#8217;alta el teu comer\u00e7<\/h2>\n<p>[\/vc_column_text][\/vc_column_inner][\/vc_row_inner][vc_row_inner el_class=&#8221;boton_contorno&#8221;][vc_column_inner][vc_column_text el_id=&#8221;boton_contorno&#8221;]<a href=\"https:\/\/bonocomercioburjassot.com\/wp-content\/uploads\/2026\/03\/BASES-REGULADORAS-BONO-COMERCIO-BURJASSOT_VAL.pdf\" target=\"_blank\" rel=\"noopener\">Bases reguladores <\/a>[\/vc_column_text][vc_column_text]<a href=\"\/va\/informacio-per-al-comerciant\/\" target=\"_blank\" rel=\"noopener\">Informaci\u00f3 BO COMER\u00c7 comerciant <\/a>[\/vc_column_text][vc_column_text]<a href=\"https:\/\/bonocomercioburjassot.com\/wp-content\/uploads\/2026\/03\/Declaracion-responsable_VAL.pdf\" target=\"_blank\" rel=\"noopener\">Declaraci\u00f3 responsable del compliment de requisits<\/a>[\/vc_column_text][vc_column_text el_class=&#8221;descarga_cartel&#8221;]<a href=\"https:\/\/bonocomercioburjassot.com\/wp-content\/uploads\/2026\/03\/CARTEL-COMERCIO-ADHERIDO_VAL-2.pdf\" target=\"_blank\" rel=\"noopener\">Desc\u00e0rrega cartell del negoci adherit <\/a>[\/vc_column_text][vc_column_text]<a href=\"https:\/\/bonocomercioburjassot.com\/wp-content\/uploads\/2026\/03\/b_bonocomercio_encarte_imprenta_26.pdf\" target=\"_blank\" rel=\"noopener\">Com funciona?<\/a>[\/vc_column_text][\/vc_column_inner][\/vc_row_inner][vc_column_text css=&#8221;.vc_custom_1700479497696{padding-right: 10px !important;padding-left: 10px !important;}&#8221;]*A causa de procediments interns de Caixa Popular, el TPV pot tardar fins a 4 dies a activar-se des de la validaci\u00f3 del comer\u00e7, perqu\u00e8 es puguen realitzar compres amb el bono comerciori burjassot.[\/vc_column_text][vc_row_inner disable_element=&#8221;yes&#8221;][vc_column_inner][vc_column_text]<\/p>\n<h2 style=\"text-align: center;\">Termini d&#8217;inscripcions<br \/>\na partir del 26 de octubre<\/h2>\n<p>[\/vc_column_text][\/vc_column_inner][\/vc_row_inner][vc_row_inner][vc_column_inner]<div id=\"mensaje_solicitud\"><\/div><form class=\"formulario_bono\" name=\"fomulario_establecimiento\" id=\"formulario_establecimiento\" action=\"https:\/\/bonocomercioburjassot.com\/va\/adherix-el-teu-comerc\/\" method=\"post\" enctype=\"multipart\/form-data\"><input type=\"hidden\" name=\"act\" value=\"save_establ\"><input name=\"name_oc\" id=\"name_oc\" type=\"text\" value=\"\" class=\"name_oc_form\"><div class=\"vc_row\"><div class=\"vc_col-sm-12\"><h4>Dades de l\u2019establiment  *<\/h4><\/div><\/div><div class=\"vc_row\"><div class=\"vc_col-sm-12\"><input type=\"text\" name=\"nombre_comercial\" id=\"nombre_comercial\" value=\"\" placeholder=\"Nom comercial \" required><\/div><\/div><div class=\"vc_row\"><div class=\"vc_col-sm-6\"><input type=\"text\" name=\"razon_social\" id=\"razon_social\" value=\"\" placeholder=\"Ra\u00f3  social \" required><\/div><div class=\"vc_col-sm-6\"><input type=\"text\" name=\"cif\" id=\"cif\" value=\"\" placeholder=\"CIF\" required><\/div><\/div><div class=\"vc_row\"><div class=\"vc_col-sm-8\"><input type=\"text\" name=\"direccion\" id=\"direccion\" value=\"\" placeholder=\"Adre\u00e7a\" required><\/div><div class=\"vc_col-sm-4\"><input type=\"number\" max=\"99999\" name=\"cp\" id=\"cp\" value=\"\" placeholder=\"C.P.\" required><\/div><\/div><div class=\"vc_row\"><div class=\"vc_col-sm-6\"><input type=\"email\" name=\"email\" id=\"email\" value=\"\" placeholder=\"Email\" required><\/div><div class=\"vc_col-sm-6\"><input type=\"number\" min=\"111111111\" max=\"999999999\" name=\"telefono\" id=\"telefono\" value=\"\" placeholder=\"Tel\u00e8fon \" required><\/div><\/div><div class=\"vc_row\"><div class=\"vc_col-sm-6\"><label>Adjuntar IAE (PDF) *<\/label><input type=\"number\" step=\"0.01\" name=\"epigrafe_iae\" id=\"epigrafe_iae\" value=\"\" placeholder=\"Introduir codi\" required><\/div><div class=\"vc_col-sm-6\"><label>Adjuntar IAE (PDF) *<\/label><input type=\"file\" name=\"iae_doc\" id=\"iae_doc\" required><\/div><\/div><div class=\"vc_row\"><div class=\"vc_col-sm-6\"><label>N\u00famero de comer\u00e7 * <sup>(1)<\/sup><span class=\"mas_num_comercio\">+ Agregar m\u00e9s<\/span><\/label><input type=\"number\" max=\"999999999\" name=\"fuc_comercio\" id=\"fuc_comercio\" value=\"\" placeholder=\"N\u00famero de comer\u00e7\" required><div id=\"div_mas_num_comercio\">\n                        <input type=\"number\" max=\"999999999\" name=\"fuc_comercio2\" id=\"fuc_comercio2\" value=\"\" placeholder=\"N\u00famero de comer\u00e7 2\">\n                        <input type=\"number\" max=\"999999999\" name=\"fuc_comercio3\" id=\"fuc_comercio3\" value=\"\" placeholder=\"N\u00famero de comer\u00e7 3\">\n                        <input type=\"number\" max=\"999999999\" name=\"fuc_comercio4\" id=\"fuc_comercio4\" value=\"\" placeholder=\"N\u00famero de comer\u00e7 4\">\n                    <\/div><\/div><div class=\"vc_col-sm-6\"><label>Associaci\u00f3 de comerciants adherida  *<\/label><select name=\"idasociacion_comerciantes\" id=\"idasociacion_comerciantes\" required><option value=\"\">- Seleccionar -<\/option><option value=\"1\" >No estoy asociado.<\/option><option value=\"2\" >Asociaci\u00f3n de comercios y servicios de Burjassot.<\/option><option value=\"3\" > Asociaci\u00f3n de Empresaris de Burjassot<\/option><option value=\"4\" >Asociaci\u00f3n de Vendedores del Mercado Municipal de Burjassot (CODEMER).<\/option><option value=\"5\" >Asociaci\u00f3n de Hosteleros Reunidos Activamente (AHORA).<\/option><\/select><\/div><\/div><div class=\"vc_row\"><div class=\"vc_col-sm-6\"><label>Sector *<\/label><select name=\"idsector\" id=\"idsector\" required><option value=\"\">- Seleccionar -<\/option><optgroup label=\"PER A LA LLAR\"><option value=\"20\" >Decoraci\u00f3, mobles, il\u00b7luminaci\u00f3 i t\u00e8xtil llar<\/option><option value=\"18\" >Electrodom\u00e8stics, imatge, so i telefonia<\/option><option value=\"19\" >Ferreteria, bricolatge i materials de construcci\u00f3<\/option><\/optgroup><optgroup label=\"PER A LA PERSONA\"><option value=\"10\" >Ag\u00e8ncies de viatges<\/option><option value=\"44\" >Alimentaci\u00f3, cellers, herbolaris i diet\u00e8tica<\/option><option value=\"42\" >Cal\u00e7at i marroquineria i reparaci\u00f3<\/option><option value=\"68\" >Centres de lleure i educaci\u00f3, esport i aventura<\/option><option value=\"14\" >Flors i plantes, productes i serveis per a animals<\/option><option value=\"65\" >Forns, pastisseria, bomboneria<\/option><option value=\"5\" >Joieria, rellotgeria i bijuteria<\/option><option value=\"3\" >Merceria i paqueteria<\/option><option value=\"38\" >\u00f2ptiques, ortop\u00e8dies i professionals de la sanitat<\/option><option value=\"69\" >Ordinadors, inform\u00e0tica i programaci\u00f3.<\/option><option value=\"13\" >Papereria, llibres, diaris i impressions<\/option><option value=\"6\" >Perfumeria i cosm\u00e8tics<\/option><option value=\"2\" >Peces de vestir i complements i reparaci\u00f3<\/option><option value=\"66\" >Restaurants<\/option><option value=\"45\" >Serveis i reparaci\u00f3 d'autom\u00f2bils<\/option><\/optgroup><optgroup label=\"SERVEIS\"><option value=\"48\" >Bars, cafeteries i menjars per emportar<\/option><option value=\"62\" >Mercats i venda no sedent\u00e0ria<\/option><option value=\"67\" >Altres serveis<\/option><option value=\"57\" >Perruqueries i salons de bellesa<\/option><option value=\"34\" >Servei de fotografia, emmarcaci\u00f3 i instruments musicals<\/option><\/optgroup><\/select><\/div><div class=\"vc_col-sm-6\"><label><nobr>Declaraci\u00f3 responsable del compliment de requisits (PDF)  *<\/nobr><\/label><input type=\"file\" name=\"requisitos_doc\" id=\"requisitos_doc\" required><\/div><\/div><div class=\"vc_row\"><div class=\"vc_col-sm-6\"><label>Nre. d\u2019empleats contracte jornada completa *<\/label><input type=\"number\" name=\"num_empleados_completa\" id=\"num_empleados_completa\" value=\"\" placeholder=\"Introduir nombre\" required><\/div><div class=\"vc_col-sm-6\"><label>Nre. d\u2019empleats contracte temps parcial  *<\/label><input type=\"number\" name=\"num_empleados_parcial\" id=\"num_empleados_parcial\" value=\"\" placeholder=\"Introduir nombre\" required><\/div><\/div><div class=\"vc_row\"><div class=\"vc_col-sm-6\"><label>Enlla\u00e7 web o rrss <\/label><input type=\"text\" name=\"link\" id=\"link\" value=\"\" placeholder=\"Introduir url \"><\/div><div class=\"vc_col-sm-6\"><label><nobr>Logo del establecimiento <\/nobr><\/label><input type=\"file\" name=\"logo_establecimiento\" id=\"logo_establecimiento\"><\/div><div class=\"vc_col-sm-6\"><label>&nbsp;<\/label><div style=\"font-size: 11px;\"><sup>(1)<\/sup> <i>El n\u00famero de comer\u00e7 apareix en la boleta impresa del TPV<br>(NO \u00e9s el n\u00famero de terminal)<\/i><\/div><\/div><\/div><div class=\"vc_row\"><div class=\"vc_col-sm-12\"><h4>Dades del contacte *<\/h4><\/div><\/div><div class=\"vc_row\"><div class=\"vc_col-sm-6\"><input type=\"text\" name=\"nombre_titular\" id=\"nombre_titular\" value=\"\" placeholder=\"Nom i cognoms\" required><\/div><div class=\"vc_col-sm-6\"><input type=\"text\" name=\"cargo_titular\" id=\"cargo_titular\" value=\"\" placeholder=\"C\u00e0rrec \" required><\/div><\/div><div class=\"vc_row\"><div class=\"vc_col-sm-6\"><input type=\"email\" name=\"email_titular\" id=\"email_titular\" value=\"\" placeholder=\"Email\" required><\/div><div class=\"vc_col-sm-6\"><input type=\"number\" min=\"111111111\" max=\"999999999\" name=\"telefono_titular\" id=\"telefono_titular\" value=\"\" placeholder=\"Tel\u00e8fon \" required><\/div><\/div><p class=\"check_form\"><input type=\"checkbox\" name=\"acepto\" id=\"acepto\" value=\"1\" required> He  llegit i accepte les <a href=\"https:\/\/bonocomercioburjassot.com\/wp-content\/uploads\/2026\/03\/BASES-REGULADORAS-BONO-COMERCIO-BURJASSOT.pdf\" target=\"_blank\">condicions d'adhesi\u00f3<\/a> i la <a href=\"https:\/\/www.camaravalencia.com\/es-ES\/Paginas\/politica-de-privacidad.aspx\" target=\"_blank\">pol\u00edtica de privacitat<\/a><\/p><input type=\"submit\" value=\"Enviar\"><\/form>[\/vc_column_inner][\/vc_row_inner][\/vc_column][vc_column width=&#8221;1\/6&#8243; css=&#8221;.vc_custom_1631009747678{padding-top: 0px !important;}&#8221;][\/vc_column][\/vc_row]<\/p>\n","protected":false},"excerpt":{"rendered":"<p>[vc_row full_width=&#8221;stretch_row&#8221; equal_height=&#8221;yes&#8221; content_placement=&#8221;middle&#8221; el_class=&#8221;banner_compra_bono alta&#8221;][vc_column width=&#8221;1\/2&#8243;][vc_raw_html]JTNDcCUyMHN0eWxlJTNEJTIydGV4dC1hbGlnbiUzQSUyMGxlZnQlM0J2ZXJ0aWNhbC1hbGlnbiUzQSUyMG1pZGRsZSUzQiUyMiUzRSUzQ3NwYW4lMjBzdHlsZSUzRCUyMiUwQSUyMCUyMCUyMCUyMHZlcnRpY2FsLWFsaWduJTNBJTIwbWlkZGxlJTNCJTBBJTIwJTIwJTIwJTIwdmVydGljYWwtYWxpZ24lM0ElMjBtaWRkbGUlM0IlMEElMjIlM0VET05BJTIwRCVFMiU4MCU5OUFMVEElMjBFTCUyMCUzQ2JyJTIwJTJGJTNFVEVVJTNDJTJGc3BhbiUzRSUzQ3NwYW4lMjBjbGFzcyUzRCUyMmRlc3RhY2FkbyUyMiUyMHN0eWxlJTNEJTIyJTBBJTIwJTIwJTIwJTIwdmVydGljYWwtYWxpZ24lM0ElMjBtaWRkbGUlM0IlMEElMjAlMjAlMjAlMjBwYWRkaW5nLWxlZnQlM0ElMjAyMHB4JTNCJTBBJTIyJTNFJTIwTkVHT0NJJTNDJTJGc3BhbiUzRSUyMCUzQ2JyJTJGJTNFJTIwJTBBJTNDYSUyMHN0eWxlJTNEJTIyJTBBJTIwJTIwJTIwJTIwdmVydGljYWwtYWxpZ24lM0ElMjBtaWRkbGUlM0IlMEElMjAlMjAlMjAlMjBiYWNrZ3JvdW5kJTNBJTIwcmVkJTNCJTBBJTIwJTIwJTIwJTIwYm9yZGVyLXJhZGl1cyUzQSUyMDEwcHglM0IlMEElMjAlMjAlMjAlMjBib3JkZXIlM0ElMjAxcHglMjBzb2xpZCUyMGJsYWNrJTNCJTBBJTIyJTIwaHJlZiUzRCUyMiUyM2FsdGEtY29tZXJjaW8lMjIlMjBzdHlsZSUzRCUyMiUwQSUyMCUyMCUyMCUyMHZlcnRpY2FsLWFsaWduJTNBJTIwbWlkZGxlJTNCJTBBJTIyJTNFQURIRVJFSVglMjBFTCUyMFRFVSUyMEVTVEFCTElNRU5UJTNDJTJGYSUzRSUzQyUyRnAlM0U=[\/vc_raw_html][\/vc_column][vc_column width=&#8221;1\/2&#8243;][vc_single_image image=&#8221;1494&#8243; img_size=&#8221;large&#8221; alignment=&#8221;center&#8221;][\/vc_column][\/vc_row][vc_row full_width=&#8221;stretch_row&#8221; css=&#8221;.vc_custom_1700246658564{background-color: #39b54a !important;}&#8221; el_class=&#8221;puntos_consumidor alta&#8221; el_id=&#8221;banner105&#8243;][vc_column width=&#8221;1\/2&#8243; el_class=&#8221;uno&#8221;][vc_column_text] COMPLIR ELS REQUISITS Veure requisits [\/vc_column_text][\/vc_column][vc_column width=&#8221;1\/2&#8243; el_class=&#8221;dos&#8221;][vc_column_text] OMPLIR FORMULARI Comen\u00e7ar [\/vc_column_text][\/vc_column][\/vc_row][vc_row el_class=&#8221;formulario&#8221; el_id=&#8221;alta-comercio&#8221;][vc_column width=&#8221;1\/6&#8243; css=&#8221;.vc_custom_1631009739164{padding-top: 0px !important;}&#8221;][\/vc_column][vc_column width=&#8221;2\/3&#8243; css=&#8221;.vc_custom_1631009742758{padding-top: 0px !important;}&#8221;][vc_row_inner][vc_column_inner][vc_column_text] Dona d&#8217;alta el teu comer\u00e7 [\/vc_column_text][\/vc_column_inner][\/vc_row_inner][vc_row_inner el_class=&#8221;boton_contorno&#8221;][vc_column_inner][vc_column_text el_id=&#8221;boton_contorno&#8221;]Bases reguladores [\/vc_column_text][vc_column_text]Informaci\u00f3 BO COMER\u00c7 comerciant [&hellip;]<\/p>\n","protected":false},"author":6,"featured_media":0,"parent":0,"menu_order":0,"comment_status":"closed","ping_status":"closed","template":"","meta":{"footnotes":""},"yoast_head":"<!-- This site is optimized with the Yoast SEO plugin v22.9 - https:\/\/yoast.com\/wordpress\/plugins\/seo\/ -->\n<title>Adherix el teu comer\u00e7 - Bo Comer\u00e7 Burjassot<\/title>\n<meta name=\"robots\" content=\"index, follow, max-snippet:-1, max-image-preview:large, max-video-preview:-1\" \/>\n<link rel=\"canonical\" href=\"https:\/\/bonocomercioburjassot.com\/va\/adherix-el-teu-comerc\/\" \/>\n<meta property=\"og:locale\" content=\"en_US\" \/>\n<meta property=\"og:type\" content=\"article\" \/>\n<meta property=\"og:title\" content=\"Adherix el teu comer\u00e7 - Bo Comer\u00e7 Burjassot\" \/>\n<meta property=\"og:description\" content=\"[vc_row full_width=&#8221;stretch_row&#8221; equal_height=&#8221;yes&#8221; content_placement=&#8221;middle&#8221; el_class=&#8221;banner_compra_bono alta&#8221;][vc_column width=&#8221;1\/2&#8243;][vc_raw_html]JTNDcCUyMHN0eWxlJTNEJTIydGV4dC1hbGlnbiUzQSUyMGxlZnQlM0J2ZXJ0aWNhbC1hbGlnbiUzQSUyMG1pZGRsZSUzQiUyMiUzRSUzQ3NwYW4lMjBzdHlsZSUzRCUyMiUwQSUyMCUyMCUyMCUyMHZlcnRpY2FsLWFsaWduJTNBJTIwbWlkZGxlJTNCJTBBJTIwJTIwJTIwJTIwdmVydGljYWwtYWxpZ24lM0ElMjBtaWRkbGUlM0IlMEElMjIlM0VET05BJTIwRCVFMiU4MCU5OUFMVEElMjBFTCUyMCUzQ2JyJTIwJTJGJTNFVEVVJTNDJTJGc3BhbiUzRSUzQ3NwYW4lMjBjbGFzcyUzRCUyMmRlc3RhY2FkbyUyMiUyMHN0eWxlJTNEJTIyJTBBJTIwJTIwJTIwJTIwdmVydGljYWwtYWxpZ24lM0ElMjBtaWRkbGUlM0IlMEElMjAlMjAlMjAlMjBwYWRkaW5nLWxlZnQlM0ElMjAyMHB4JTNCJTBBJTIyJTNFJTIwTkVHT0NJJTNDJTJGc3BhbiUzRSUyMCUzQ2JyJTJGJTNFJTIwJTBBJTNDYSUyMHN0eWxlJTNEJTIyJTBBJTIwJTIwJTIwJTIwdmVydGljYWwtYWxpZ24lM0ElMjBtaWRkbGUlM0IlMEElMjAlMjAlMjAlMjBiYWNrZ3JvdW5kJTNBJTIwcmVkJTNCJTBBJTIwJTIwJTIwJTIwYm9yZGVyLXJhZGl1cyUzQSUyMDEwcHglM0IlMEElMjAlMjAlMjAlMjBib3JkZXIlM0ElMjAxcHglMjBzb2xpZCUyMGJsYWNrJTNCJTBBJTIyJTIwaHJlZiUzRCUyMiUyM2FsdGEtY29tZXJjaW8lMjIlMjBzdHlsZSUzRCUyMiUwQSUyMCUyMCUyMCUyMHZlcnRpY2FsLWFsaWduJTNBJTIwbWlkZGxlJTNCJTBBJTIyJTNFQURIRVJFSVglMjBFTCUyMFRFVSUyMEVTVEFCTElNRU5UJTNDJTJGYSUzRSUzQyUyRnAlM0U=[\/vc_raw_html][\/vc_column][vc_column width=&#8221;1\/2&#8243;][vc_single_image image=&#8221;1494&#8243; img_size=&#8221;large&#8221; alignment=&#8221;center&#8221;][\/vc_column][\/vc_row][vc_row full_width=&#8221;stretch_row&#8221; css=&#8221;.vc_custom_1700246658564{background-color: #39b54a !important;}&#8221; el_class=&#8221;puntos_consumidor alta&#8221; el_id=&#8221;banner105&#8243;][vc_column width=&#8221;1\/2&#8243; el_class=&#8221;uno&#8221;][vc_column_text] COMPLIR ELS REQUISITS Veure requisits [\/vc_column_text][\/vc_column][vc_column width=&#8221;1\/2&#8243; el_class=&#8221;dos&#8221;][vc_column_text] OMPLIR FORMULARI Comen\u00e7ar [\/vc_column_text][\/vc_column][\/vc_row][vc_row el_class=&#8221;formulario&#8221; el_id=&#8221;alta-comercio&#8221;][vc_column width=&#8221;1\/6&#8243; css=&#8221;.vc_custom_1631009739164{padding-top: 0px !important;}&#8221;][\/vc_column][vc_column width=&#8221;2\/3&#8243; css=&#8221;.vc_custom_1631009742758{padding-top: 0px !important;}&#8221;][vc_row_inner][vc_column_inner][vc_column_text] Dona d&#8217;alta el teu comer\u00e7 [\/vc_column_text][\/vc_column_inner][\/vc_row_inner][vc_row_inner el_class=&#8221;boton_contorno&#8221;][vc_column_inner][vc_column_text el_id=&#8221;boton_contorno&#8221;]Bases reguladores [\/vc_column_text][vc_column_text]Informaci\u00f3 BO COMER\u00c7 comerciant [&hellip;]\" \/>\n<meta property=\"og:url\" content=\"https:\/\/bonocomercioburjassot.com\/va\/adherix-el-teu-comerc\/\" \/>\n<meta property=\"og:site_name\" content=\"Bo Comer\u00e7 Burjassot\" \/>\n<meta property=\"article:modified_time\" content=\"2026-03-25T09:07:25+00:00\" \/>\n<meta name=\"twitter:card\" content=\"summary_large_image\" \/>\n<meta name=\"twitter:label1\" content=\"Est. reading time\" \/>\n\t<meta name=\"twitter:data1\" content=\"2 minutes\" \/>\n<script type=\"application\/ld+json\" class=\"yoast-schema-graph\">{\"@context\":\"https:\/\/schema.org\",\"@graph\":[{\"@type\":\"WebPage\",\"@id\":\"https:\/\/bonocomercioburjassot.com\/va\/adherix-el-teu-comerc\/\",\"url\":\"https:\/\/bonocomercioburjassot.com\/va\/adherix-el-teu-comerc\/\",\"name\":\"Adherix el teu comer\u00e7 - Bo Comer\u00e7 Burjassot\",\"isPartOf\":{\"@id\":\"https:\/\/bonocomercioburjassot.com\/#website\"},\"datePublished\":\"2021-09-09T09:56:36+00:00\",\"dateModified\":\"2026-03-25T09:07:25+00:00\",\"breadcrumb\":{\"@id\":\"https:\/\/bonocomercioburjassot.com\/va\/adherix-el-teu-comerc\/#breadcrumb\"},\"inLanguage\":\"va\",\"potentialAction\":[{\"@type\":\"ReadAction\",\"target\":[\"https:\/\/bonocomercioburjassot.com\/va\/adherix-el-teu-comerc\/\"]}]},{\"@type\":\"BreadcrumbList\",\"@id\":\"https:\/\/bonocomercioburjassot.com\/va\/adherix-el-teu-comerc\/#breadcrumb\",\"itemListElement\":[{\"@type\":\"ListItem\",\"position\":1,\"name\":\"Portada\",\"item\":\"https:\/\/bonocomercioburjassot.com\/\"},{\"@type\":\"ListItem\",\"position\":2,\"name\":\"Adherix el teu comer\u00e7\"}]},{\"@type\":\"WebSite\",\"@id\":\"https:\/\/bonocomercioburjassot.com\/#website\",\"url\":\"https:\/\/bonocomercioburjassot.com\/\",\"name\":\"Bo Comer\u00e7 Burjassot\",\"description\":\"Bo Comer\u00e7 Burjassot\",\"potentialAction\":[{\"@type\":\"SearchAction\",\"target\":{\"@type\":\"EntryPoint\",\"urlTemplate\":\"https:\/\/bonocomercioburjassot.com\/?s={search_term_string}\"},\"query-input\":\"required name=search_term_string\"}],\"inLanguage\":\"va\"}]}<\/script>\n<!-- \/ Yoast SEO plugin. -->","yoast_head_json":{"title":"Adherix el teu comer\u00e7 - Bo Comer\u00e7 Burjassot","robots":{"index":"index","follow":"follow","max-snippet":"max-snippet:-1","max-image-preview":"max-image-preview:large","max-video-preview":"max-video-preview:-1"},"canonical":"https:\/\/bonocomercioburjassot.com\/va\/adherix-el-teu-comerc\/","og_locale":"en_US","og_type":"article","og_title":"Adherix el teu comer\u00e7 - Bo Comer\u00e7 Burjassot","og_description":"[vc_row full_width=&#8221;stretch_row&#8221; equal_height=&#8221;yes&#8221; content_placement=&#8221;middle&#8221; el_class=&#8221;banner_compra_bono alta&#8221;][vc_column width=&#8221;1\/2&#8243;][vc_raw_html]JTNDcCUyMHN0eWxlJTNEJTIydGV4dC1hbGlnbiUzQSUyMGxlZnQlM0J2ZXJ0aWNhbC1hbGlnbiUzQSUyMG1pZGRsZSUzQiUyMiUzRSUzQ3NwYW4lMjBzdHlsZSUzRCUyMiUwQSUyMCUyMCUyMCUyMHZlcnRpY2FsLWFsaWduJTNBJTIwbWlkZGxlJTNCJTBBJTIwJTIwJTIwJTIwdmVydGljYWwtYWxpZ24lM0ElMjBtaWRkbGUlM0IlMEElMjIlM0VET05BJTIwRCVFMiU4MCU5OUFMVEElMjBFTCUyMCUzQ2JyJTIwJTJGJTNFVEVVJTNDJTJGc3BhbiUzRSUzQ3NwYW4lMjBjbGFzcyUzRCUyMmRlc3RhY2FkbyUyMiUyMHN0eWxlJTNEJTIyJTBBJTIwJTIwJTIwJTIwdmVydGljYWwtYWxpZ24lM0ElMjBtaWRkbGUlM0IlMEElMjAlMjAlMjAlMjBwYWRkaW5nLWxlZnQlM0ElMjAyMHB4JTNCJTBBJTIyJTNFJTIwTkVHT0NJJTNDJTJGc3BhbiUzRSUyMCUzQ2JyJTJGJTNFJTIwJTBBJTNDYSUyMHN0eWxlJTNEJTIyJTBBJTIwJTIwJTIwJTIwdmVydGljYWwtYWxpZ24lM0ElMjBtaWRkbGUlM0IlMEElMjAlMjAlMjAlMjBiYWNrZ3JvdW5kJTNBJTIwcmVkJTNCJTBBJTIwJTIwJTIwJTIwYm9yZGVyLXJhZGl1cyUzQSUyMDEwcHglM0IlMEElMjAlMjAlMjAlMjBib3JkZXIlM0ElMjAxcHglMjBzb2xpZCUyMGJsYWNrJTNCJTBBJTIyJTIwaHJlZiUzRCUyMiUyM2FsdGEtY29tZXJjaW8lMjIlMjBzdHlsZSUzRCUyMiUwQSUyMCUyMCUyMCUyMHZlcnRpY2FsLWFsaWduJTNBJTIwbWlkZGxlJTNCJTBBJTIyJTNFQURIRVJFSVglMjBFTCUyMFRFVSUyMEVTVEFCTElNRU5UJTNDJTJGYSUzRSUzQyUyRnAlM0U=[\/vc_raw_html][\/vc_column][vc_column width=&#8221;1\/2&#8243;][vc_single_image image=&#8221;1494&#8243; img_size=&#8221;large&#8221; alignment=&#8221;center&#8221;][\/vc_column][\/vc_row][vc_row full_width=&#8221;stretch_row&#8221; css=&#8221;.vc_custom_1700246658564{background-color: #39b54a !important;}&#8221; el_class=&#8221;puntos_consumidor alta&#8221; el_id=&#8221;banner105&#8243;][vc_column width=&#8221;1\/2&#8243; el_class=&#8221;uno&#8221;][vc_column_text] COMPLIR ELS REQUISITS Veure requisits [\/vc_column_text][\/vc_column][vc_column width=&#8221;1\/2&#8243; el_class=&#8221;dos&#8221;][vc_column_text] OMPLIR FORMULARI Comen\u00e7ar [\/vc_column_text][\/vc_column][\/vc_row][vc_row el_class=&#8221;formulario&#8221; el_id=&#8221;alta-comercio&#8221;][vc_column width=&#8221;1\/6&#8243; css=&#8221;.vc_custom_1631009739164{padding-top: 0px !important;}&#8221;][\/vc_column][vc_column width=&#8221;2\/3&#8243; css=&#8221;.vc_custom_1631009742758{padding-top: 0px !important;}&#8221;][vc_row_inner][vc_column_inner][vc_column_text] Dona d&#8217;alta el teu comer\u00e7 [\/vc_column_text][\/vc_column_inner][\/vc_row_inner][vc_row_inner el_class=&#8221;boton_contorno&#8221;][vc_column_inner][vc_column_text el_id=&#8221;boton_contorno&#8221;]Bases reguladores [\/vc_column_text][vc_column_text]Informaci\u00f3 BO COMER\u00c7 comerciant [&hellip;]","og_url":"https:\/\/bonocomercioburjassot.com\/va\/adherix-el-teu-comerc\/","og_site_name":"Bo Comer\u00e7 Burjassot","article_modified_time":"2026-03-25T09:07:25+00:00","twitter_card":"summary_large_image","twitter_misc":{"Est. reading time":"2 minutes"},"schema":{"@context":"https:\/\/schema.org","@graph":[{"@type":"WebPage","@id":"https:\/\/bonocomercioburjassot.com\/va\/adherix-el-teu-comerc\/","url":"https:\/\/bonocomercioburjassot.com\/va\/adherix-el-teu-comerc\/","name":"Adherix el teu comer\u00e7 - Bo Comer\u00e7 Burjassot","isPartOf":{"@id":"https:\/\/bonocomercioburjassot.com\/#website"},"datePublished":"2021-09-09T09:56:36+00:00","dateModified":"2026-03-25T09:07:25+00:00","breadcrumb":{"@id":"https:\/\/bonocomercioburjassot.com\/va\/adherix-el-teu-comerc\/#breadcrumb"},"inLanguage":"va","potentialAction":[{"@type":"ReadAction","target":["https:\/\/bonocomercioburjassot.com\/va\/adherix-el-teu-comerc\/"]}]},{"@type":"BreadcrumbList","@id":"https:\/\/bonocomercioburjassot.com\/va\/adherix-el-teu-comerc\/#breadcrumb","itemListElement":[{"@type":"ListItem","position":1,"name":"Portada","item":"https:\/\/bonocomercioburjassot.com\/"},{"@type":"ListItem","position":2,"name":"Adherix el teu comer\u00e7"}]},{"@type":"WebSite","@id":"https:\/\/bonocomercioburjassot.com\/#website","url":"https:\/\/bonocomercioburjassot.com\/","name":"Bo Comer\u00e7 Burjassot","description":"Bo Comer\u00e7 Burjassot","potentialAction":[{"@type":"SearchAction","target":{"@type":"EntryPoint","urlTemplate":"https:\/\/bonocomercioburjassot.com\/?s={search_term_string}"},"query-input":"required name=search_term_string"}],"inLanguage":"va"}]}},"_links":{"self":[{"href":"https:\/\/bonocomercioburjassot.com\/va\/wp-json\/wp\/v2\/pages\/272"}],"collection":[{"href":"https:\/\/bonocomercioburjassot.com\/va\/wp-json\/wp\/v2\/pages"}],"about":[{"href":"https:\/\/bonocomercioburjassot.com\/va\/wp-json\/wp\/v2\/types\/page"}],"author":[{"embeddable":true,"href":"https:\/\/bonocomercioburjassot.com\/va\/wp-json\/wp\/v2\/users\/6"}],"replies":[{"embeddable":true,"href":"https:\/\/bonocomercioburjassot.com\/va\/wp-json\/wp\/v2\/comments?post=272"}],"version-history":[{"count":56,"href":"https:\/\/bonocomercioburjassot.com\/va\/wp-json\/wp\/v2\/pages\/272\/revisions"}],"predecessor-version":[{"id":1838,"href":"https:\/\/bonocomercioburjassot.com\/va\/wp-json\/wp\/v2\/pages\/272\/revisions\/1838"}],"wp:attachment":[{"href":"https:\/\/bonocomercioburjassot.com\/va\/wp-json\/wp\/v2\/media?parent=272"}],"curies":[{"name":"wp","href":"https:\/\/api.w.org\/{rel}","templated":true}]}}